{"id":15533,"date":"2023-01-24T21:57:15","date_gmt":"2023-01-24T21:57:15","guid":{"rendered":"https:\/\/ucmagency.ucm.jobs\/?page_id=15533"},"modified":"2025-02-17T14:49:09","modified_gmt":"2025-02-17T14:49:09","slug":"imprint","status":"publish","type":"page","link":"https:\/\/ucmagency.ucm.jobs\/en\/imprint\/","title":{"rendered":"Imprint"},"content":{"rendered":"\t\t<div data-elementor-type=\"wp-page\" data-elementor-id=\"15533\" class=\"elementor elementor-15533 elementor-15532\" data-elementor-post-type=\"page\">\n\t\t\t\t\t\t<section class=\"elementor-section elementor-top-section elementor-element elementor-element-ab89f6a elementor-section-boxed elementor-section-height-default elementor-section-height-default\" data-id=\"ab89f6a\" data-element_type=\"section\">\n\t\t\t\t\t\t<div class=\"elementor-container elementor-column-gap-default\">\n\t\t\t\t\t<div class=\"elementor-column elementor-col-100 elementor-top-column elementor-element elementor-element-ff6ac74\" data-id=\"ff6ac74\" data-element_type=\"column\">\n\t\t\t<div class=\"elementor-widget-wrap\">\n\t\t\t\t\t\t\t<\/div>\n\t\t<\/div>\n\t\t\t\t\t<\/div>\n\t\t<\/section>\n\t\t\t\t<section class=\"elementor-section elementor-top-section elementor-element elementor-element-aeee149 elementor-section-boxed elementor-section-height-default elementor-section-height-default\" data-id=\"aeee149\" data-element_type=\"section\">\n\t\t\t\t\t\t<div class=\"elementor-container elementor-column-gap-default\">\n\t\t\t\t\t<div class=\"elementor-column elementor-col-100 elementor-top-column elementor-element elementor-element-0593092\" data-id=\"0593092\" data-element_type=\"column\">\n\t\t\t<div class=\"elementor-widget-wrap elementor-element-populated\">\n\t\t\t\t\t\t<div class=\"elementor-element elementor-element-5becbfa elementor-widget elementor-widget-heading\" data-id=\"5becbfa\" data-element_type=\"widget\" data-widget_type=\"heading.default\">\n\t\t\t\t<div class=\"elementor-widget-container\">\n\t\t\t\t\t<h1 class=\"elementor-heading-title elementor-size-default\">Imprint<\/h1>\t\t\t\t<\/div>\n\t\t\t\t<\/div>\n\t\t\t\t\t<\/div>\n\t\t<\/div>\n\t\t\t\t\t<\/div>\n\t\t<\/section>\n\t\t\t\t<section class=\"elementor-section elementor-top-section elementor-element elementor-element-b4d25bb elementor-section-boxed elementor-section-height-default elementor-section-height-default\" data-id=\"b4d25bb\" data-element_type=\"section\">\n\t\t\t\t\t\t<div class=\"elementor-container elementor-column-gap-default\">\n\t\t\t\t\t<div class=\"elementor-column elementor-col-100 elementor-top-column elementor-element elementor-element-52313b8\" data-id=\"52313b8\" data-element_type=\"column\">\n\t\t\t<div class=\"elementor-widget-wrap elementor-element-populated\">\n\t\t\t\t\t\t<div class=\"elementor-element elementor-element-839a4ca elementor-widget elementor-widget-text-editor\" data-id=\"839a4ca\" data-element_type=\"widget\" data-widget_type=\"text-editor.default\">\n\t\t\t\t<div class=\"elementor-widget-container\">\n\t\t\t\t\t\t\t\t\t<div class=\"text\"><strong>Legal Disclosure<\/strong><br \/>Information in accordance with section 5 DDG<br \/>uCastMe GmbH<br \/>Heidestr. 46-52<br \/>10557 Berlin<\/div><div class=\"text\"><p><strong>Represented by<\/strong><br \/>Amin Guellil, Dr. Christoph Keding<\/p><p><strong>Contact<\/strong><br \/>Telephone: (+49) 030 120 8656 \u2013 0<br \/>E-Mail: kontakt@ucm.agency<br \/>Internetaddress: ucm.agency<\/p><p><strong>Register entry<\/strong><br \/>Entry in Handelsregister<br \/>Register Number: 158665 B<br \/>Register Court: Berlin, Amtsgericht Charlottenburg<\/p><p><strong>Capital<\/strong><br \/>Initial or original capital: 25.000 \u20ac<\/p><p><strong>VAT number<\/strong><br \/>VAT identification number in accordance with section 27 a of the German VAT act<br \/>DE 815509853<\/p><p><strong>Regulating authority<\/strong><br \/>Agentur f\u00fcr Arbeit, Regionaldirektion Nord der Agentur f\u00fcr Arbeit, ProjeAgentur f\u00fcr Arbeit, Regionaldirektion Nord der Agentur f\u00fcr Arbeit, Projensdorfer Strasse 82, 24106 Kielnsdorfer Strasse 82, 24106 Kiel<\/p><p><strong>Person responsible for content in accordance with 55 Abs. 2 RStV<\/strong><br \/>Amin Guellil<\/p><p><strong>Disclaimer<\/strong><br \/>Accountability for content<br \/>The contents of our pages have been created with the utmost care. However, we cannot guarantee the contents\u2019 accuracy, completeness or topicality. According to statutory provisions, we are furthermore responsible for our own content on these web pages. In this context, please note that we are accordingly not obliged to monitor merely the transmitted or saved information of third parties, or investigate circumstances pointing to illegal activity. Our obligations to remove or block the use of information under generally applicable laws remain unaffected by this as per \u00a7\u00a7 8 to 10 of the Digitale-Dienste-Gesetz (DDG).<\/p><p>Accountability for links<br \/>Responsibility for the content of external links (to web pages of third parties) lies solely with the operators of the linked pages. No violations were evident to us at the time of linking. Should any legal infringement become known to us, we will remove the respective link immediately.<\/p><p>Copyright<br \/>Our web pages and their contents are subject to German copyright law. Unless expressly permitted by law (\u00a7 44a et seq. of the copyright law), every form of utilizing, reproducing or processing works subject to copyright protection on our web pages requires the prior consent of the respective owner of the rights. Individual reproductions of a work are allowed only for private use, so must not serve either directly or indirectly for earnings. Unauthorized utilization of copyrighted works is punishable (\u00a7 106 of the copyright law).<\/p><\/div>\t\t\t\t\t\t\t\t<\/div>\n\t\t\t\t<\/div>\n\t\t\t\t\t<\/div>\n\t\t<\/div>\n\t\t\t\t\t<\/div>\n\t\t<\/section>\n\t\t\t\t<\/div>\n\t\t","protected":false},"excerpt":{"rendered":"<p>Imprint Legal Disclosure Information in accordance with section 5 DDG uCastMe GmbH Heidestr. 46-52 10557 Berlin Represented by Amin Guellil, Dr. Christoph Keding Contact Telephone: (+49) 030 120 8656 \u2013 0 E-Mail: kontakt@ucm.agency Internetaddress: ucm.agency Register entry Entry in Handelsregister Register Number: 158665 B Register Court: Berlin, Amtsgericht Charlottenburg Capital Initial or original capital: 25.000<\/p>\n","protected":false},"author":8,"featured_media":0,"parent":0,"menu_order":0,"comment_status":"closed","ping_status":"closed","template":"","meta":{"_acf_changed":false,"inline_featured_image":false,"footnotes":""},"class_list":["post-15533","page","type-page","status-publish","hentry"],"acf":[],"yoast_head":"<!-- This site is optimized with the Yoast SEO plugin v26.5 - https:\/\/yoast.com\/wordpress\/plugins\/seo\/ -->\n<title>ucm.agency | Imprint<\/title>\n<meta name=\"description\" content=\"uCastMe GmbH: Information in accordance with section 5 TMG. Find all relevant information in the imprint.\" \/>\n<meta name=\"robots\" content=\"noindex, follow, max-snippet:-1, max-image-preview:large, max-video-preview:-1\" \/>\n<meta property=\"og:locale\" content=\"en_US\" \/>\n<meta property=\"og:type\" content=\"article\" \/>\n<meta property=\"og:title\" content=\"ucm.agency | Imprint\" \/>\n<meta property=\"og:description\" content=\"uCastMe GmbH: Information in accordance with section 5 TMG. Find all relevant information in the imprint.\" \/>\n<meta property=\"og:url\" content=\"https:\/\/ucmagency.ucm.jobs\/en\/imprint\/\" \/>\n<meta property=\"og:site_name\" content=\"uCastMe\" \/>\n<meta property=\"article:modified_time\" content=\"2025-02-17T14:49:09+00:00\" \/>\n<meta name=\"twitter:card\" content=\"summary_large_image\" \/>\n<!-- \/ Yoast SEO plugin. -->","yoast_head_json":{"title":"ucm.agency | Imprint","description":"uCastMe GmbH: Information in accordance with section 5 TMG. Find all relevant information in the imprint.","robots":{"index":"noindex","follow":"follow","max-snippet":"max-snippet:-1","max-image-preview":"max-image-preview:large","max-video-preview":"max-video-preview:-1"},"og_locale":"en_US","og_type":"article","og_title":"ucm.agency | Imprint","og_description":"uCastMe GmbH: Information in accordance with section 5 TMG. Find all relevant information in the imprint.","og_url":"https:\/\/ucmagency.ucm.jobs\/en\/imprint\/","og_site_name":"uCastMe","article_modified_time":"2025-02-17T14:49:09+00:00","twitter_card":"summary_large_image","schema":{"@context":"https:\/\/schema.org","@graph":[{"@type":"WebPage","@id":"https:\/\/ucmagency.ucm.jobs\/en\/imprint\/","url":"https:\/\/ucmagency.ucm.jobs\/en\/imprint\/","name":"ucm.agency | Imprint","isPartOf":{"@id":"https:\/\/ucmagency.ucm.jobs\/en\/#website"},"datePublished":"2023-01-24T21:57:15+00:00","dateModified":"2025-02-17T14:49:09+00:00","description":"uCastMe GmbH: Information in accordance with section 5 TMG. Find all relevant information in the imprint.","breadcrumb":{"@id":"https:\/\/ucmagency.ucm.jobs\/en\/imprint\/#breadcrumb"},"inLanguage":"en-US","potentialAction":[{"@type":"ReadAction","target":["https:\/\/ucmagency.ucm.jobs\/en\/imprint\/"]}]},{"@type":"BreadcrumbList","@id":"https:\/\/ucmagency.ucm.jobs\/en\/imprint\/#breadcrumb","itemListElement":[{"@type":"ListItem","position":1,"name":"Home","item":"https:\/\/ucmagency.ucm.jobs\/en\/"},{"@type":"ListItem","position":2,"name":"Imprint"}]},{"@type":"WebSite","@id":"https:\/\/ucmagency.ucm.jobs\/en\/#website","url":"https:\/\/ucmagency.ucm.jobs\/en\/","name":"uCastMe","description":"Einsatzplan IFA","publisher":{"@id":"https:\/\/ucmagency.ucm.jobs\/en\/#organization"},"potentialAction":[{"@type":"SearchAction","target":{"@type":"EntryPoint","urlTemplate":"https:\/\/ucmagency.ucm.jobs\/en\/?s={search_term_string}"},"query-input":{"@type":"PropertyValueSpecification","valueRequired":true,"valueName":"search_term_string"}}],"inLanguage":"en-US"},{"@type":"Organization","@id":"https:\/\/ucmagency.ucm.jobs\/en\/#organization","name":"ucm.agency","url":"https:\/\/ucmagency.ucm.jobs\/en\/","logo":{"@type":"ImageObject","inLanguage":"en-US","@id":"https:\/\/ucmagency.ucm.jobs\/en\/#\/schema\/logo\/image\/","url":"https:\/\/ucmagency.ucm.jobs\/wp-content\/uploads\/2024\/06\/ucm_email_signature.png","contentUrl":"https:\/\/ucmagency.ucm.jobs\/wp-content\/uploads\/2024\/06\/ucm_email_signature.png","width":200,"height":200,"caption":"ucm.agency"},"image":{"@id":"https:\/\/ucmagency.ucm.jobs\/en\/#\/schema\/logo\/image\/"}}]}},"_links":{"self":[{"href":"https:\/\/ucmagency.ucm.jobs\/en\/wp-json\/wp\/v2\/pages\/15533","targetHints":{"allow":["GET"]}}],"collection":[{"href":"https:\/\/ucmagency.ucm.jobs\/en\/wp-json\/wp\/v2\/pages"}],"about":[{"href":"https:\/\/ucmagency.ucm.jobs\/en\/wp-json\/wp\/v2\/types\/page"}],"author":[{"embeddable":true,"href":"https:\/\/ucmagency.ucm.jobs\/en\/wp-json\/wp\/v2\/users\/8"}],"replies":[{"embeddable":true,"href":"https:\/\/ucmagency.ucm.jobs\/en\/wp-json\/wp\/v2\/comments?post=15533"}],"version-history":[{"count":31,"href":"https:\/\/ucmagency.ucm.jobs\/en\/wp-json\/wp\/v2\/pages\/15533\/revisions"}],"predecessor-version":[{"id":24320,"href":"https:\/\/ucmagency.ucm.jobs\/en\/wp-json\/wp\/v2\/pages\/15533\/revisions\/24320"}],"wp:attachment":[{"href":"https:\/\/ucmagency.ucm.jobs\/en\/wp-json\/wp\/v2\/media?parent=15533"}],"curies":[{"name":"wp","href":"https:\/\/api.w.org\/{rel}","templated":true}]}}