{"id":26916,"date":"2025-11-21T11:22:57","date_gmt":"2025-11-21T11:22:57","guid":{"rendered":"https:\/\/ucmagency.ucm.jobs\/?page_id=26916"},"modified":"2025-11-21T11:26:40","modified_gmt":"2025-11-21T11:26:40","slug":"compliance","status":"publish","type":"page","link":"https:\/\/ucmagency.ucm.jobs\/de\/compliance\/","title":{"rendered":"Compliance"},"content":{"rendered":"\t\t<div data-elementor-type=\"wp-page\" data-elementor-id=\"26916\" class=\"elementor elementor-26916\" data-elementor-post-type=\"page\">\n\t\t\t\t<div class=\"elementor-element elementor-element-74126df e-flex e-con-boxed e-con e-parent\" data-id=\"74126df\" data-element_type=\"container\">\n\t\t\t\t\t<div class=\"e-con-inner\">\n\t\t\t\t<div class=\"elementor-element elementor-element-43e1f53 elementor-widget elementor-widget-heading\" data-id=\"43e1f53\" data-element_type=\"widget\" data-widget_type=\"heading.default\">\n\t\t\t\t<div class=\"elementor-widget-container\">\n\t\t\t\t\t<h1 class=\"elementor-heading-title elementor-size-default\">Compliance<\/h1>\t\t\t\t<\/div>\n\t\t\t\t<\/div>\n\t\t\t\t\t<\/div>\n\t\t\t\t<\/div>\n\t\t<div class=\"elementor-element elementor-element-d369290 e-flex e-con-boxed e-con e-parent\" data-id=\"d369290\" data-element_type=\"container\">\n\t\t\t\t\t<div class=\"e-con-inner\">\n\t\t\t\t<div class=\"elementor-element elementor-element-29ae3b3 elementor-widget elementor-widget-text-editor\" data-id=\"29ae3b3\" data-element_type=\"widget\" data-widget_type=\"text-editor.default\">\n\t\t\t\t<div class=\"elementor-widget-container\">\n\t\t\t\t\t\t\t\t\t<p><b>Hinweise auf Regelverst\u00f6\u00dfe und Compliance-Themen<\/b><\/p><p><span style=\"font-weight: 400;\">Die uCastMe GmbH legt Wert auf die Einhaltung von Gesetzen, internen Richtlinien und Nachhaltigkeitsgrunds\u00e4tzen.<\/span><\/p><p><span style=\"font-weight: 400;\">Mitarbeitende, Kund:innen und Partner k\u00f6nnen Hinweise auf m\u00f6gliche Verst\u00f6\u00dfe vertraulich an unseren Compliance-Verantwortlichen, Frank Neumann (CFO), richten:<\/span><\/p><p><span style=\"font-weight: 400;\">E-Mail: <a href=\"mailto:compliance@ucm.agency\">compliance@ucm.agency<\/a><\/span><\/p><p><span style=\"font-weight: 400;\">Meldungen werden gepr\u00fcft und vertraulich behandelt.<\/span><\/p>\t\t\t\t\t\t\t\t<\/div>\n\t\t\t\t<\/div>\n\t\t\t\t\t<\/div>\n\t\t\t\t<\/div>\n\t\t\t\t<\/div>\n\t\t","protected":false},"excerpt":{"rendered":"<p>Compliance Hinweise auf Regelverst\u00f6\u00dfe und Compliance-Themen Die uCastMe GmbH legt Wert auf die Einhaltung von Gesetzen, internen Richtlinien und Nachhaltigkeitsgrunds\u00e4tzen. Mitarbeitende, Kund:innen und Partner k\u00f6nnen Hinweise auf m\u00f6gliche Verst\u00f6\u00dfe vertraulich an unseren Compliance-Verantwortlichen, Frank Neumann (CFO), richten: E-Mail: compliance@ucm.agency Meldungen werden gepr\u00fcft und vertraulich behandelt.<\/p>\n","protected":false},"author":34,"featured_media":0,"parent":0,"menu_order":0,"comment_status":"closed","ping_status":"closed","template":"","meta":{"_acf_changed":false,"inline_featured_image":false,"footnotes":""},"class_list":["post-26916","page","type-page","status-publish","hentry"],"acf":[],"yoast_head":"<!-- This site is optimized with the Yoast SEO plugin v26.5 - https:\/\/yoast.com\/wordpress\/plugins\/seo\/ -->\n<title>ucm.agency I Datenschutzerkl\u00e4rung<\/title>\n<meta name=\"description\" content=\"Der Schutz und die Sicherheit Ihrer Daten sind uns wichtig. Wir sch\u00fctzen Ihre Privatsph\u00e4re und Ihre privaten Daten.\" \/>\n<meta name=\"robots\" content=\"noindex, follow, max-snippet:-1, max-image-preview:large, max-video-preview:-1\" \/>\n<meta property=\"og:locale\" content=\"de_DE\" \/>\n<meta property=\"og:type\" content=\"article\" \/>\n<meta property=\"og:title\" content=\"ucm.agency I Datenschutzerkl\u00e4rung\" \/>\n<meta property=\"og:description\" content=\"Der Schutz und die Sicherheit Ihrer Daten sind uns wichtig. Wir sch\u00fctzen Ihre Privatsph\u00e4re und Ihre privaten Daten.\" \/>\n<meta property=\"og:url\" content=\"https:\/\/ucmagency.ucm.jobs\/de\/compliance\/\" \/>\n<meta property=\"og:site_name\" content=\"ucm | Better jobs for students.\" \/>\n<meta property=\"article:modified_time\" content=\"2025-11-21T11:26:40+00:00\" \/>\n<meta name=\"twitter:card\" content=\"summary_large_image\" \/>\n<!-- \/ Yoast SEO plugin. -->","yoast_head_json":{"title":"ucm.agency I Datenschutzerkl\u00e4rung","description":"Der Schutz und die Sicherheit Ihrer Daten sind uns wichtig. Wir sch\u00fctzen Ihre Privatsph\u00e4re und Ihre privaten Daten.","robots":{"index":"noindex","follow":"follow","max-snippet":"max-snippet:-1","max-image-preview":"max-image-preview:large","max-video-preview":"max-video-preview:-1"},"og_locale":"de_DE","og_type":"article","og_title":"ucm.agency I Datenschutzerkl\u00e4rung","og_description":"Der Schutz und die Sicherheit Ihrer Daten sind uns wichtig. Wir sch\u00fctzen Ihre Privatsph\u00e4re und Ihre privaten Daten.","og_url":"https:\/\/ucmagency.ucm.jobs\/de\/compliance\/","og_site_name":"ucm | Better jobs for students.","article_modified_time":"2025-11-21T11:26:40+00:00","twitter_card":"summary_large_image","schema":{"@context":"https:\/\/schema.org","@graph":[{"@type":"WebPage","@id":"https:\/\/ucmagency.ucm.jobs\/de\/compliance\/","url":"https:\/\/ucmagency.ucm.jobs\/de\/compliance\/","name":"ucm.agency I Datenschutzerkl\u00e4rung","isPartOf":{"@id":"https:\/\/ucmagency.ucm.jobs\/de\/#website"},"datePublished":"2025-11-21T11:22:57+00:00","dateModified":"2025-11-21T11:26:40+00:00","description":"Der Schutz und die Sicherheit Ihrer Daten sind uns wichtig. Wir sch\u00fctzen Ihre Privatsph\u00e4re und Ihre privaten Daten.","breadcrumb":{"@id":"https:\/\/ucmagency.ucm.jobs\/de\/compliance\/#breadcrumb"},"inLanguage":"de","potentialAction":[{"@type":"ReadAction","target":["https:\/\/ucmagency.ucm.jobs\/de\/compliance\/"]}]},{"@type":"BreadcrumbList","@id":"https:\/\/ucmagency.ucm.jobs\/de\/compliance\/#breadcrumb","itemListElement":[{"@type":"ListItem","position":1,"name":"Home","item":"https:\/\/ucmagency.ucm.jobs\/de\/"},{"@type":"ListItem","position":2,"name":"Compliance"}]},{"@type":"WebSite","@id":"https:\/\/ucmagency.ucm.jobs\/de\/#website","url":"https:\/\/ucmagency.ucm.jobs\/de\/","name":"ucm | Better jobs for students.","description":"Datenschutzerkl\u00e4rung","publisher":{"@id":"https:\/\/ucmagency.ucm.jobs\/de\/#organization"},"potentialAction":[{"@type":"SearchAction","target":{"@type":"EntryPoint","urlTemplate":"https:\/\/ucmagency.ucm.jobs\/de\/?s={search_term_string}"},"query-input":{"@type":"PropertyValueSpecification","valueRequired":true,"valueName":"search_term_string"}}],"inLanguage":"de"},{"@type":"Organization","@id":"https:\/\/ucmagency.ucm.jobs\/de\/#organization","name":"ucm.agency","url":"https:\/\/ucmagency.ucm.jobs\/de\/","logo":{"@type":"ImageObject","inLanguage":"de","@id":"https:\/\/ucmagency.ucm.jobs\/de\/#\/schema\/logo\/image\/","url":"https:\/\/ucmagency.ucm.jobs\/wp-content\/uploads\/2024\/06\/ucm_email_signature.png","contentUrl":"https:\/\/ucmagency.ucm.jobs\/wp-content\/uploads\/2024\/06\/ucm_email_signature.png","width":200,"height":200,"caption":"ucm.agency"},"image":{"@id":"https:\/\/ucmagency.ucm.jobs\/de\/#\/schema\/logo\/image\/"}}]}},"_links":{"self":[{"href":"https:\/\/ucmagency.ucm.jobs\/de\/wp-json\/wp\/v2\/pages\/26916","targetHints":{"allow":["GET"]}}],"collection":[{"href":"https:\/\/ucmagency.ucm.jobs\/de\/wp-json\/wp\/v2\/pages"}],"about":[{"href":"https:\/\/ucmagency.ucm.jobs\/de\/wp-json\/wp\/v2\/types\/page"}],"author":[{"embeddable":true,"href":"https:\/\/ucmagency.ucm.jobs\/de\/wp-json\/wp\/v2\/users\/34"}],"replies":[{"embeddable":true,"href":"https:\/\/ucmagency.ucm.jobs\/de\/wp-json\/wp\/v2\/comments?post=26916"}],"version-history":[{"count":8,"href":"https:\/\/ucmagency.ucm.jobs\/de\/wp-json\/wp\/v2\/pages\/26916\/revisions"}],"predecessor-version":[{"id":26926,"href":"https:\/\/ucmagency.ucm.jobs\/de\/wp-json\/wp\/v2\/pages\/26916\/revisions\/26926"}],"wp:attachment":[{"href":"https:\/\/ucmagency.ucm.jobs\/de\/wp-json\/wp\/v2\/media?parent=26916"}],"curies":[{"name":"wp","href":"https:\/\/api.w.org\/{rel}","templated":true}]}}