{"id":11730,"date":"2020-06-19T20:46:43","date_gmt":"2020-06-19T20:46:43","guid":{"rendered":"https:\/\/ucmagency.ucm.jobs\/?page_id=11730"},"modified":"2024-03-12T07:30:16","modified_gmt":"2024-03-12T07:30:16","slug":"betriebsaushilfen","status":"publish","type":"page","link":"https:\/\/ucmagency.ucm.jobs\/de\/personal\/betriebsaushilfen\/","title":{"rendered":"Betriebsaushilfen &#8211; \u00dcbersicht"},"content":{"rendered":"<section class=\"wpb-content-wrapper\"><p>[vc_row full_width=&#8220;stretch_row&#8220; css=&#8220;.vc_custom_1581918929192{padding-top: 50px !important;padding-bottom: 50px !important;background-color: #114358 !important;}&#8220; el_class=&#8220;main-heading&#8220;][vc_column width=&#8220;1\/2&#8243; el_class=&#8220;ucm-60&#8243;][vc_column_text]<\/p>\n<h1 class=\"header-h2 snow\"><strong>Aushilfen f\u00fcr Ihren Betrieb<\/strong><\/h1>\n<p>[\/vc_column_text][vc_column_text el_class=&#8220;tickgray-li&#8220;]<\/p>\n<ul class=\"text-25 snow\">\n<li>Erfahrenes und flexibles Personal<\/li>\n<li>Kosteng\u00fcnstig &amp; kurzfristig einsetzbar<\/li>\n<li>Individuelle Beratung &amp; Personalvermittlung<\/li>\n<\/ul>\n<p>[\/vc_column_text][vc_btn title=&#8220;Jetzt anfragen&#8220; link=&#8220;url:https%3A%2F%2Fucmagency.ucm.jobs%2Fde%2Fkontaktformular%2F||target:%20_blank|&#8220; el_class=&#8220;comp-1&#8243;][\/vc_column][vc_column width=&#8220;1\/2&#8243;][vc_single_image image=&#8220;11764&#8243; img_size=&#8220;full&#8220; alignment=&#8220;center&#8220;][\/vc_column][\/vc_row][vc_row full_width=&#8220;stretch_row&#8220; equal_height=&#8220;yes&#8220; css=&#8220;.vc_custom_1582266401753{padding-bottom: 0px !important;background-color: #f6f6f6 !important;}&#8220;][vc_column][vc_column_text css=&#8220;.vc_custom_1592598939851{padding-bottom: 20px !important;}&#8220;]<\/p>\n<h2>Ob im Lager, bei der Produktion oder im B\u00fcro:<br \/>\nAushilfen von ucm.agency unterst\u00fctzen Sie geschickt in Ihrem Betrieb<\/h2>\n<p>[\/vc_column_text][vc_row_inner css=&#8220;.vc_custom_1582088466345{padding-top: 20px !important;padding-bottom: 0px !important;}&#8220;][vc_column_inner width=&#8220;1\/3&#8243;][vc_single_image image=&#8220;11772&#8243; img_size=&#8220;full&#8220; alignment=&#8220;center&#8220; css=&#8220;.vc_custom_1592603160683{padding-top: 20px !important;}&#8220;][\/vc_column_inner][vc_column_inner width=&#8220;2\/3&#8243;][vc_column_text]Den Betrieb auch bei hohem Arbeitsaufkommen oder schwankender Bestelllage am Laufen zu halten, ist essentiell und wir von ucm.agency stellen Ihnen die n\u00f6tigen Ressourcen zur Verf\u00fcgung, um entstandene L\u00fccken zu f\u00fcllen. Denn wenn Sie gegen saisonale Abweichungen und pandemiebedingte Einfl\u00fcsse gewappnet sein wollen oder einen Sonderauftrag innerhalb einer kurzen Zeit auszuf\u00fchren haben, brauchen Sie au\u00dfer der hauseigenen Mannschaft auch zuverl\u00e4ssige Hilfsarbeiter, die Sie in den Hochbetriebsperioden unterst\u00fctzen.<br \/>\nUnser Personal kann an verschiedenen Stellen im Betrieb eingesetzt werden, ob im Lager, beim Versand, im B\u00fcro oder Call-Center, bei der Produktion oder Ernte, aber auch im Lieferservice-Bereich. Die Aushilfen von ucm.agency sind verl\u00e4sslich, engagiert und flexibel. Neben einer strukturierten Herangehensweise und der Bereitschaft zur Schichtarbeit bringen unsere Helfer die notwendige k\u00f6rperliche Belastbarkeit sowie Sorgfalt und Verantwortungsbewusstsein mit, um ihre Aufgaben effizient und korrekt zu erf\u00fcllen.<br \/>\nWir bieten Ihnen nicht nur kompetente Mitarbeiter &#8211; durch unsere Vermittlung auf Basis der kurzfristigen Besch\u00e4ftigung sind Sie bei ucm.agency auch rechtlich vollkommen abgesichert. Kontaktieren Sie uns jetzt ganz unverbindlich. Wir helfen Ihnen bei allen Fragen weiter.[\/vc_column_text][\/vc_column_inner][\/vc_row_inner][\/vc_column][\/vc_row][vc_row full_width=&#8220;stretch_row&#8220; css=&#8220;.vc_custom_1603456946758{padding-bottom: 30px !important;background-color: #f6f6f6 !important;}&#8220;][vc_column][vc_empty_space height=&#8220;10px&#8220; el_class=&#8220;desktop&#8220;][vc_column_text]<\/p>\n<h2 style=\"text-align: center;\">Fragen Sie jetzt qualifizierte Betriebsaushilfen an!<\/h2>\n<p>[\/vc_column_text][vc_column_text]<\/p>\n<p class=\"text-21\" style=\"text-align: center;\">Um ein unverbindliches Angebot einzuholen, f\u00fcllen Sie unser kurzes<br \/>\nOnline-Formular aus und wir melden uns in K\u00fcrze bei Ihnen.<\/p>\n<p>[\/vc_column_text][vc_empty_space height=&#8220;10px&#8220; el_class=&#8220;desktop&#8220;][vc_btn title=&#8220;Jetzt anfragen&#8220; align=&#8220;center&#8220; link=&#8220;url:https%3A%2F%2Fucmagency.ucm.jobs%2Fde%2Fkontaktformular%2F||target:%20_blank|&#8220; el_class=&#8220;comp-3&#8243;][\/vc_column][\/vc_row][vc_row full_width=&#8220;stretch_row&#8220; equal_height=&#8220;yes&#8220; css=&#8220;.vc_custom_1596116413118{padding-top: 80px !important;padding-bottom: 0px !important;background-color: #f6f6f6 !important;}&#8220; el_class=&#8220;hostesses-staff&#8220;][vc_column][vc_column_text css=&#8220;.vc_custom_1592595182912{padding-bottom: 20px !important;}&#8220;]<\/p>\n<h2>Unsere Aushilfen f\u00fcr Ihren Betrieb<\/h2>\n<p>[\/vc_column_text]<div class=\"content-carousel-wrapper text-center\" data-css=\"&quot;&quot;\"><div class=\"owl-carousel\" data-loop=\"1\" data-margin=\"0\" data-center=\"0\" data-nav=\"1\" data-dots=\"0\" data-autoplay=\"0\" data-items=\"4\" data-items-tab=\"2\" data-items-mob=\"1\" data-duration=\"3000\" data-smartspeed=\"250\" data-scrollby=\"1\" data-autoheight=\"false\">[vc_raw_html]JTNDYSUyMGhyZWYlM0QlMjIlMkZkZSUyRnBlcnNvbmFsJTJGbGFnZXJoZWxmZXIlMkYlMjIlM0UlM0NpbWclMjBzcmMlM0QlMjIlMkZ3cC1jb250ZW50JTJGdXBsb2FkcyUyRjIwMjAlMkYwNiUyRkxhZ2VyaGVsZmVyX0Nhcm91c2VsLnBuZyUyMiUzRSUzQyUyRmElM0UlMEElM0NhJTIwaHJlZiUzRCUyMiUyRmRlJTJGcGVyc29uYWwlMkZsYWdlcmhlbGZlciUyRiUyMiUzRSUzQ2g0JTIwc3R5bGUlM0QlMjJtYXJnaW4tdG9wJTNBMTVweCUzQiUyMiUzRUxhZ2VyaGVsZmVyJTNDJTJGaDQlM0UlM0MlMkZhJTNF[\/vc_raw_html][vc_raw_html]JTNDYSUyMGhyZWYlM0QlMjIlMkZkZSUyRnBlcnNvbmFsJTJGcHJvZHVrdGlvbnNoZWxmZXIlMkYlMjIlM0UlM0NpbWclMjBzcmMlM0QlMjIlMkZ3cC1jb250ZW50JTJGdXBsb2FkcyUyRjIwMjAlMkYwNiUyRlByb2R1a3Rpb25zaGVsZmVyX0Nhcm91c2VsLnBuZyUyMiUzRSUzQyUyRmElM0UlMEElM0NhJTIwaHJlZiUzRCUyMiUyRmRlJTJGcGVyc29uYWwlMkZwcm9kdWt0aW9uc2hlbGZlciUyRiUyMiUzRSUzQ2g0JTIwc3R5bGUlM0QlMjJtYXJnaW4tdG9wJTNBMTVweCUzQiUyMiUzRVByb2R1a3Rpb25zaGVsZmVyJTNDJTJGaDQlM0UlM0MlMkZhJTNF[\/vc_raw_html][vc_raw_html]JTNDYSUyMGhyZWYlM0QlMjIlMkZkZSUyRnBlcnNvbmFsJTJGdmVyc2FuZGhlbGZlciUyRiUyMiUzRSUzQ2ltZyUyMHNyYyUzRCUyMiUyRndwLWNvbnRlbnQlMkZ1cGxvYWRzJTJGMjAyMCUyRjA2JTJGVmVyc2FuZGhlbGZlcl9DYXJvdXNlbC5wbmclMjIlM0UlM0MlMkZhJTNFJTBBJTNDYSUyMGhyZWYlM0QlMjIlMkZkZSUyRnBlcnNvbmFsJTJGdmVyc2FuZGhlbGZlciUyRiUyMiUzRSUzQ2g0JTIwc3R5bGUlM0QlMjJtYXJnaW4tdG9wJTNBMTVweCUzQiUyMiUzRVZlcnNhbmRoZWxmZXIlM0MlMkZoNCUzRSUzQyUyRmElM0U=[\/vc_raw_html][vc_raw_html]JTNDYSUyMGhyZWYlM0QlMjIlMkZkZSUyRnBlcnNvbmFsJTJGYnVlcm9hdXNoaWxmZW4lMkYlMjIlM0UlM0NpbWclMjBzcmMlM0QlMjIlMkZ3cC1jb250ZW50JTJGdXBsb2FkcyUyRjIwMjAlMkYwNiUyRkIlQzMlQkNyb2F1c2hpbGZlbl9DYXJvdXNlbC5wbmclMjIlM0UlM0MlMkZhJTNFJTBBJTNDYSUyMGhyZWYlM0QlMjIlMkZkZSUyRnBlcnNvbmFsJTJGYnVlcm9hdXNoaWxmZW4lMkYlMjIlM0UlM0NoNCUyMHN0eWxlJTNEJTIybWFyZ2luLXRvcCUzQTE1cHglM0IlMjIlM0VCJUMzJUJDcm9hdXNoaWxmZW4lM0MlMkZoNCUzRSUzQyUyRmElM0U=[\/vc_raw_html][vc_raw_html]JTNDYSUyMGhyZWYlM0QlMjIlMkZkZSUyRnBlcnNvbmFsJTJGY29yb25hLXN1cHBvcnQtc3RhZmYlMkYlMjIlM0UlM0NpbWclMjBzcmMlM0QlMjIlMkZ3cC1jb250ZW50JTJGdXBsb2FkcyUyRjIwMjAlMkYwNiUyRkNvcm9uYS1TdXBwb3J0LVN0YWZmX0Nhcm91c2VsLnBuZyUyMiUzRSUzQyUyRmElM0UlMEElM0NhJTIwaHJlZiUzRCUyMiUyRmRlJTJGcGVyc29uYWwlMkZjb3JvbmEtc3VwcG9ydC1zdGFmZiUyRiUyMiUzRSUzQ2g0JTIwc3R5bGUlM0QlMjJtYXJnaW4tdG9wJTNBMTVweCUzQiUyMiUzRUNvcm9uYSUyMFN1cHBvcnQlMjBTdGFmZiUzQyUyRmg0JTNFJTNDJTJGYSUzRQ==[\/vc_raw_html][vc_raw_html]JTNDYSUyMGhyZWYlM0QlMjIlMkZkZSUyRnBlcnNvbmFsJTJGZmFocnJhZGt1cmllcmUtYXV0b2t1cmllcmUlMkYlMjIlM0UlM0NpbWclMjBzcmMlM0QlMjIlMkZ3cC1jb250ZW50JTJGdXBsb2FkcyUyRjIwMjAlMkYwNiUyRkZhaHJyYWRrdXJpZXJlX0Nhcm91c2VsLnBuZyUyMiUzRSUzQyUyRmElM0UlMEElM0NhJTIwaHJlZiUzRCUyMiUyRmRlJTJGcGVyc29uYWwlMkZmYWhycmFka3VyaWVyZS1hdXRva3VyaWVyZSUyRiUyMiUzRSUzQ2g0JTIwc3R5bGUlM0QlMjJtYXJnaW4tdG9wJTNBMTVweCUzQiUyMiUzRUt1cmllcmUlM0MlMkZoNCUzRSUzQyUyRmElM0U=[\/vc_raw_html][vc_raw_html]JTNDYSUyMGhyZWYlM0QlMjIlMkZkZSUyRnBlcnNvbmFsJTJGY2FsbC1jZW50ZXItYWdlbnRzJTJGJTIyJTNFJTNDaW1nJTIwc3JjJTNEJTIyJTJGd3AtY29udGVudCUyRnVwbG9hZHMlMkYyMDIwJTJGMDYlMkZDYWxsLUNlbnRlci1BZ2VudHNfQ2Fyb3VzZWwucG5nJTIyJTNFJTNDJTJGYSUzRSUwQSUzQ2ElMjBocmVmJTNEJTIyJTJGZGUlMkZwZXJzb25hbCUyRmNhbGwtY2VudGVyLWFnZW50cyUyRiUyMiUzRSUzQ2g0JTIwc3R5bGUlM0QlMjJtYXJnaW4tdG9wJTNBMTVweCUzQiUyMiUzRUNhbGwtQ2VudGVyLUFnZW50cyUzQyUyRmg0JTNFJTNDJTJGYSUzRQ==[\/vc_raw_html][vc_raw_html]JTNDYSUyMGhyZWYlM0QlMjIlMkZkZSUyRnBlcnNvbmFsJTJGbGFkZW5wYWNraGlsZmVuLXN1cGVybWFya3RhdXNoaWxmZW4lMkYlMjIlM0UlM0NpbWclMjBzcmMlM0QlMjIlMkZ3cC1jb250ZW50JTJGdXBsb2FkcyUyRjIwMjAlMkYwNiUyRlN1cGVybWFya3RhdXNoaWxmZW5fQ2Fyb3VzZWwucG5nJTIyJTNFJTNDJTJGYSUzRSUwQSUzQ2ElMjBocmVmJTNEJTIyJTJGZGUlMkZwZXJzb25hbCUyRmxhZGVucGFja2hpbGZlbi1zdXBlcm1hcmt0YXVzaGlsZmVuJTJGJTIyJTNFJTNDaDQlMjBzdHlsZSUzRCUyMm1hcmdpbi10b3AlM0ExNXB4JTNCJTIyJTNFU3VwZXJtYXJrdGF1c2hpbGZlbiUzQyUyRmg0JTNFJTNDJTJGYSUzRQ==[\/vc_raw_html][vc_raw_html]JTNDYSUyMGhyZWYlM0QlMjIlMkZkZSUyRnBlcnNvbmFsJTJGZXJudGVoZWxmZXIlMkYlMjIlM0UlM0NpbWclMjBzcmMlM0QlMjIlMkZ3cC1jb250ZW50JTJGdXBsb2FkcyUyRjIwMjAlMkYwNiUyRkVybnRlaGVsZmVyX0Nhcm91c2VsLnBuZyUyMiUzRSUzQyUyRmElM0UlMEElM0NhJTIwaHJlZiUzRCUyMiUyRmRlJTJGcGVyc29uYWwlMkZlcm50ZWhlbGZlciUyRiUyMiUzRSUzQ2g0JTIwc3R5bGUlM0QlMjJtYXJnaW4tdG9wJTNBMTVweCUzQiUyMiUzRUVybnRlaGVsZmVyJTNDJTJGaDQlM0UlM0MlMkZhJTNF[\/vc_raw_html]<\/div><!-- .owl-carousel --><\/div><!-- .content-carousel-wrapper -->[\/vc_column][\/vc_row][vc_row full_width=&#8220;stretch_row&#8220; css=&#8220;.vc_custom_1603464184815{border-top-width: 90px !important;padding-bottom: 0px !important;background-color: #f6f6f6 !important;}&#8220;][vc_column width=&#8220;1\/2&#8243; css=&#8220;.vc_custom_1604668142782{padding-top: 50px !important;}&#8220;][vc_column_text]<\/p>\n<h2 style=\"text-align: left;\">Sie brauchen mehr Infos?<br \/>\nKein Problem!<\/h2>\n<p>[\/vc_column_text][vc_column_text]<\/p>\n<p class=\"text-21\" style=\"text-align: left;\">Laden Sie unsere kompakte Brosch\u00fcre zu Betriebsaushilfen herunter und pr\u00fcfen Sie, wie wir Sie kurzfristig personell unterst\u00fctzen k\u00f6nnen.<\/p>\n<p>[\/vc_column_text][\/vc_column][vc_column width=&#8220;1\/2&#8243; css=&#8220;.vc_custom_1603463437561{margin-left: 50px !important;padding-top: 30px !important;padding-bottom: 15px !important;}&#8220;][vc_btn title=&#8220;Zur Brosch\u00fcre&#8220; align=&#8220;center&#8220; link=&#8220;url:https%3A%2F%2Fucmagency.ucm.jobs%2Fwp-content%2Fuploads%2F2020%2F10%2Fucm.agency_Broschure_Betriebsaushilfen_2020.pdf%3Fpdf%3DBetriebsaushilfen-Broschuere-Alle%E2%80%9D%20target%3D%E2%80%9D_blank%E2%80%9D%3EBetriebsaushilfen%20Brosch%C3%BCre%20Alle%3C%2Fa%3E%20|target:_blank&#8220; el_class=&#8220;stdt-1&#8243;][vc_empty_space height=&#8220;30px&#8220;][vc_column_text css=&#8220;.vc_custom_1603463544600{padding-top: 20px !important;padding-bottom: 20px !important;padding-left: 80px !important;background-color: #f3997b !important;}&#8220;]<\/p>\n<h4 style=\"text-align: left;\">Oder rufen Sie uns gern direkt an:<\/h4>\n<h5 style=\"text-align: left;\"><a href=\"tel:+49 (0) 30 120 8656 0\">+49 (0) 30 120 8656 0<\/a><br \/>\nWir helfen Ihnen weiter.<\/h5>\n<p>[\/vc_column_text][\/vc_column][\/vc_row][vc_row full_width=&#8220;stretch_row&#8220; css=&#8220;.vc_custom_1582288341862{padding-bottom: 0px !important;background-color: #f6f6f6 !important;}&#8220;][vc_column][vc_column_text css=&#8220;.vc_custom_1582275534349{padding-bottom: 20px !important;}&#8220;]<\/p>\n<h2 style=\"text-align: center;\">Wir sind<\/h2>\n<p>[\/vc_column_text][vc_row_inner][vc_column_inner width=&#8220;1\/4&#8243;][vc_single_image image=&#8220;8402&#8243; img_size=&#8220;150&#215;150&#8243; alignment=&#8220;center&#8220;][vc_column_text]<\/p>\n<h4 style=\"text-align: center; margin-bottom: 20px;\">schnell<\/h4>\n<p style=\"text-align: center;\">\u00dcber 60.000 Mitarbeiter kurzfristig einsetzbar<\/p>\n<p>[\/vc_column_text][\/vc_column_inner][vc_column_inner width=&#8220;1\/4&#8243;][vc_single_image image=&#8220;8406&#8243; img_size=&#8220;150&#215;150&#8243; alignment=&#8220;center&#8220;][vc_column_text]<\/p>\n<h4 style=\"text-align: center; margin-bottom: 20px;\">qualifiziert<\/h4>\n<p style=\"text-align: center;\">Gepr\u00fcfte und qualifizierte<br \/>\nMitarbeiter<\/p>\n<p>[\/vc_column_text][\/vc_column_inner][vc_column_inner width=&#8220;1\/4&#8243;][vc_single_image image=&#8220;8405&#8243; img_size=&#8220;150&#215;150&#8243; alignment=&#8220;center&#8220;][vc_column_text]<\/p>\n<h4 style=\"text-align: center; margin-bottom: 20px;\">sicher<\/h4>\n<p style=\"text-align: center;\">Rechtssichere An- und Abmeldung unserer Mitarbeiter<\/p>\n<p>[\/vc_column_text][\/vc_column_inner][vc_column_inner width=&#8220;1\/4&#8243;][vc_single_image image=&#8220;8403&#8243; img_size=&#8220;150&#215;150&#8243; alignment=&#8220;center&#8220;][vc_column_text]<\/p>\n<h4 style=\"text-align: center; margin-bottom: 20px;\">fair<\/h4>\n<p style=\"text-align: center;\">Unsere Mitarbeiter ab 20 \u20ac pro Stunde buchen<\/p>\n<p>[\/vc_column_text][\/vc_column_inner][\/vc_row_inner][\/vc_column][\/vc_row][vc_row full_width=&#8220;stretch_row&#8220; disable_element=&#8220;yes&#8220; css=&#8220;.vc_custom_1592598886873{padding-bottom: 70px !important;background-color: #114358 !important;}&#8220;][vc_column][vc_row_inner][vc_column_inner width=&#8220;1\/3&#8243;]<div class=\"counter-wrapper counter-style-4 text-center shortcode-rand-2 factrie-inline-css\" data-css=\"&quot;.shortcode-rand-2.counter-wrapper, .shortcode-rand-2.counter-wrapper h4, .shortcode-rand-2.counter-wrapper h3 { color: #ffffff; }.shortcode-rand-2.counter-wrapper h3 { color: #ffffff; }&quot;\"><div class=\"media\"><div class=\"counter-icon icon-dark mr-3\" data-css=\"&quot;&quot;\"><span class=\"\"><\/span><\/div><!-- .counter-icon --><div class=\"media-body\"><div class=\"counter-value\"><h3><span class=\"counter-up\" data-count=\"32.021\">0<\/span><\/h3><\/div><!-- .counter-value --><div class=\"counter-title\"><h4>Mitarbeiter bundsweit flexibel einsetzbar<\/h4><\/div><!-- .counter-title --><\/div><!-- .media-body --><\/div><!-- .media --><\/div><!-- .counter-wrapper -->[\/vc_column_inner][vc_column_inner width=&#8220;1\/3&#8243;]<div class=\"counter-wrapper counter-style-4 text-center shortcode-rand-3 factrie-inline-css\" data-css=\"&quot;.shortcode-rand-3.counter-wrapper, .shortcode-rand-3.counter-wrapper h4, .shortcode-rand-3.counter-wrapper h3 { color: #ffffff; }.shortcode-rand-3.counter-wrapper h3 { color: #ffffff; }&quot;\"><div class=\"media\"><div class=\"counter-icon icon-dark mr-3\" data-css=\"&quot;&quot;\"><span class=\"\"><\/span><\/div><!-- .counter-icon --><div class=\"media-body\"><div class=\"counter-value\"><h3><span class=\"counter-up\" data-count=\"3.211\">0<\/span><\/h3><\/div><!-- .counter-value --><div class=\"counter-title\"><h4>zufriedene Kunden<\/h4><\/div><!-- .counter-title --><\/div><!-- .media-body --><\/div><!-- .media --><\/div><!-- .counter-wrapper -->[\/vc_column_inner][vc_column_inner width=&#8220;1\/3&#8243;]<div class=\"counter-wrapper counter-style-4 text-center shortcode-rand-4 factrie-inline-css\" data-css=\"&quot;.shortcode-rand-4.counter-wrapper, .shortcode-rand-4.counter-wrapper h4, .shortcode-rand-4.counter-wrapper h3 { color: #ffffff; }.shortcode-rand-4.counter-wrapper h3 { color: #ffffff; }&quot;\"><div class=\"media\"><div class=\"counter-icon icon-dark mr-3\" data-css=\"&quot;&quot;\"><span class=\"\"><\/span><\/div><!-- .counter-icon --><div class=\"media-body\"><div class=\"counter-value\"><h3><span class=\"counter-up\" data-count=\"18.157\">0<\/span><\/h3><\/div><!-- .counter-value --><div class=\"counter-title\"><h4>erfolgreiche Events<\/h4><\/div><!-- .counter-title --><\/div><!-- .media-body --><\/div><!-- .media --><\/div><!-- .counter-wrapper -->[\/vc_column_inner][\/vc_row_inner][\/vc_column][\/vc_row][vc_row full_width=&#8220;stretch_row&#8220; css=&#8220;.vc_custom_1582605469460{background-color: #f6f6f6 !important;}&#8220;][vc_column width=&#8220;1\/2&#8243;][vc_column_text]<\/p>\n<h2 style=\"text-align: left;\">Sie brauchen weiteres Personal?<br \/>\nWir beraten Sie gern.<\/h2>\n<p>[\/vc_column_text][vc_column_text]<\/p>\n<p class=\"text-21\" style=\"text-align: left;\">F\u00fcllen Sie dazu bequem und unverbindlich unser kurzes Online-Formular aus. Wir melden uns innerhalb von 60 Minuten bei Ihnen.<\/p>\n<p>[\/vc_column_text][\/vc_column][vc_column width=&#8220;1\/2&#8243;][vc_empty_space height=&#8220;20px&#8220;][vc_btn title=&#8220;Jetzt anfragen&#8220; align=&#8220;center&#8220; link=&#8220;url:https%3A%2F%2Fucmagency.ucm.jobs%2Fde%2Fkontaktformular%2F||target:%20_blank|&#8220; el_class=&#8220;comp-2 ucm-60&#8243;][\/vc_column][\/vc_row][vc_row full_width=&#8220;stretch_row&#8220; css=&#8220;.vc_custom_1603441278782{padding-top: 0px !important;padding-bottom: 0px !important;background-color: #f6f6f6 !important;}&#8220;][vc_column][vc_raw_js]JTNDJTIxLS0lMjBGYWNlYm9vayUyMFBpeGVsJTIwQ29kZSUyMC0tJTNFJTBBJTNDc2NyaXB0JTNFJTBBJTIxZnVuY3Rpb24lMjhmJTJDYiUyQ2UlMkN2JTJDbiUyQ3QlMkNzJTI5JTBBJTdCaWYlMjhmLmZicSUyOXJldHVybiUzQm4lM0RmLmZicSUzRGZ1bmN0aW9uJTI4JTI5JTdCbi5jYWxsTWV0aG9kJTNGJTBBbi5jYWxsTWV0aG9kLmFwcGx5JTI4biUyQ2FyZ3VtZW50cyUyOSUzQW4ucXVldWUucHVzaCUyOGFyZ3VtZW50cyUyOSU3RCUzQiUwQWlmJTI4JTIxZi5fZmJxJTI5Zi5fZmJxJTNEbiUzQm4ucHVzaCUzRG4lM0JuLmxvYWRlZCUzRCUyMTAlM0JuLnZlcnNpb24lM0QlMjcyLjAlMjclM0IlMEFuLnF1ZXVlJTNEJTVCJTVEJTNCdCUzRGIuY3JlYXRlRWxlbWVudCUyOGUlMjklM0J0LmFzeW5jJTNEJTIxMCUzQiUwQXQuc3JjJTNEdiUzQnMlM0RiLmdldEVsZW1lbnRzQnlUYWdOYW1lJTI4ZSUyOSU1QjAlNUQlM0IlMEFzLnBhcmVudE5vZGUuaW5zZXJ0QmVmb3JlJTI4dCUyQ3MlMjklN0QlMjh3aW5kb3clMkNkb2N1bWVudCUyQyUyN3NjcmlwdCUyNyUyQyUwQSUyN2h0dHBzJTNBJTJGJTJGY29ubmVjdC5mYWNlYm9vay5uZXQlMkZlbl9VUyUyRmZiZXZlbnRzLmpzJTI3JTI5JTNCJTBBJTIwZmJxJTI4JTI3aW5pdCUyNyUyQyUyMCUyNzE4NzYyODYxMDkyODQ4OTIlMjclMjklM0IlMEFmYnElMjglMjd0cmFjayUyNyUyQyUyMCUyN1BhZ2VWaWV3JTI3JTI5JTNCJTBBJTNDJTJGc2NyaXB0JTNFJTBBJTNDbm9zY3JpcHQlM0UlMEElMjAlM0NpbWclMjBoZWlnaHQlM0QlMjIxJTIyJTIwd2lkdGglM0QlMjIxJTIyJTBBc3JjJTNEJTIyaHR0cHMlM0ElMkYlMkZ3d3cuZmFjZWJvb2suY29tJTJGdHIlM0ZpZCUzRDE4NzYyODYxMDkyODQ4OTIlMjZldiUzRFBhZ2VWaWV3JTBBJTI2bm9zY3JpcHQlM0QxJTIyJTJGJTNFJTBBJTNDJTJGbm9zY3JpcHQlM0UlMEElM0MlMjEtLSUyMEVuZCUyMEZhY2Vib29rJTIwUGl4ZWwlMjBDb2RlJTIwLS0lM0U=[\/vc_raw_js][\/vc_column][\/vc_row][vc_row full_width=&#8220;stretch_row&#8220; css=&#8220;.vc_custom_1604591047300{padding-top: 10px !important;padding-bottom: 20px !important;background-color: #f6f6f6 !important;}&#8220;][vc_column][vc_column_text css=&#8220;.vc_custom_1604593301157{padding-top: 0px !important;padding-bottom: 0px !important;}&#8220;]<\/p>\n<p style=\"text-align: right;\"><em>Foto Produktionshelferin: <span data-sheets-formula-bar-text-style=\"font-size:13px;color:#000000;font-weight:normal;text-decoration:none;font-family:'Arial';font-style:normal;text-decoration-skip-ink:none;\">\u00a9 Photographee.eu, shutterstock.com<\/span><br \/>\n<\/em><\/p>\n<p>[\/vc_column_text][\/vc_column][\/vc_row]<\/p>\n<\/section>","protected":false},"excerpt":{"rendered":"<p>[vc_row full_width=&#8220;stretch_row&#8220; css=&#8220;.vc_custom_1581918929192{padding-top: 50px !important;padding-bottom: 50px !important;background-color: #114358 !important;}&#8220; el_class=&#8220;main-heading&#8220;][vc_column width=&#8220;1\/2&#8243; el_class=&#8220;ucm-60&#8243;][vc_column_text] Aushilfen f\u00fcr Ihren Betrieb [\/vc_column_text][vc_column_text el_class=&#8220;tickgray-li&#8220;] Erfahrenes und flexibles Personal Kosteng\u00fcnstig &amp; kurzfristig einsetzbar Individuelle Beratung &amp; Personalvermittlung [\/vc_column_text][vc_btn title=&#8220;Jetzt anfragen&#8220; link=&#8220;url:https%3A%2F%2Fucmagency.ucm.jobs%2Fde%2Fkontaktformular%2F||target:%20_blank|&#8220; el_class=&#8220;comp-1&#8243;][\/vc_column][vc_column width=&#8220;1\/2&#8243;][vc_single_image image=&#8220;11764&#8243; img_size=&#8220;full&#8220; alignment=&#8220;center&#8220;][\/vc_column][\/vc_row][vc_row full_width=&#8220;stretch_row&#8220; equal_height=&#8220;yes&#8220; css=&#8220;.vc_custom_1582266401753{padding-bottom: 0px !important;background-color: #f6f6f6 !important;}&#8220;][vc_column][vc_column_text css=&#8220;.vc_custom_1592598939851{padding-bottom: 20px !important;}&#8220;] Ob im Lager, bei der Produktion<\/p>\n","protected":false},"author":8,"featured_media":0,"parent":8559,"menu_order":0,"comment_status":"closed","ping_status":"closed","template":"","meta":{"_acf_changed":false,"inline_featured_image":false,"footnotes":""},"class_list":["post-11730","page","type-page","status-publish","hentry"],"acf":[],"yoast_head":"<!-- This site is optimized with the Yoast SEO plugin v26.5 - https:\/\/yoast.com\/wordpress\/plugins\/seo\/ -->\n<title>ucm.agency - zuverl\u00e4ssige Aushilfen f\u00fcr Ihren Betrieb<\/title>\n<meta name=\"description\" content=\"Qualifizierte Helfer von ucm.agency f\u00fcr Ihr Lager, B\u00fcro sowie f\u00fcr Ihren Herstellungsbetrieb oder Lieferservice. Jetzt bequem buchen!\" \/>\n<meta name=\"robots\" content=\"noindex, follow, max-snippet:-1, max-image-preview:large, max-video-preview:-1\" \/>\n<meta property=\"og:locale\" content=\"de_DE\" \/>\n<meta property=\"og:type\" content=\"article\" \/>\n<meta property=\"og:title\" content=\"ucm.agency - zuverl\u00e4ssige Aushilfen f\u00fcr Ihren Betrieb\" \/>\n<meta property=\"og:description\" content=\"Qualifizierte Helfer von ucm.agency f\u00fcr Ihr Lager, B\u00fcro sowie f\u00fcr Ihren Herstellungsbetrieb oder Lieferservice. Jetzt bequem buchen!\" \/>\n<meta property=\"og:url\" content=\"https:\/\/ucmagency.ucm.jobs\/de\/personal\/betriebsaushilfen\/\" \/>\n<meta property=\"og:site_name\" content=\"ucm | Better jobs for students.\" \/>\n<meta property=\"article:modified_time\" content=\"2024-03-12T07:30:16+00:00\" \/>\n<meta name=\"twitter:card\" content=\"summary_large_image\" \/>\n<!-- \/ Yoast SEO plugin. -->","yoast_head_json":{"title":"ucm.agency - zuverl\u00e4ssige Aushilfen f\u00fcr Ihren Betrieb","description":"Qualifizierte Helfer von ucm.agency f\u00fcr Ihr Lager, B\u00fcro sowie f\u00fcr Ihren Herstellungsbetrieb oder Lieferservice. Jetzt bequem buchen!","robots":{"index":"noindex","follow":"follow","max-snippet":"max-snippet:-1","max-image-preview":"max-image-preview:large","max-video-preview":"max-video-preview:-1"},"og_locale":"de_DE","og_type":"article","og_title":"ucm.agency - zuverl\u00e4ssige Aushilfen f\u00fcr Ihren Betrieb","og_description":"Qualifizierte Helfer von ucm.agency f\u00fcr Ihr Lager, B\u00fcro sowie f\u00fcr Ihren Herstellungsbetrieb oder Lieferservice. Jetzt bequem buchen!","og_url":"https:\/\/ucmagency.ucm.jobs\/de\/personal\/betriebsaushilfen\/","og_site_name":"ucm | Better jobs for students.","article_modified_time":"2024-03-12T07:30:16+00:00","twitter_card":"summary_large_image","schema":{"@context":"https:\/\/schema.org","@graph":[{"@type":"WebPage","@id":"https:\/\/ucmagency.ucm.jobs\/de\/personal\/betriebsaushilfen\/","url":"https:\/\/ucmagency.ucm.jobs\/de\/personal\/betriebsaushilfen\/","name":"ucm.agency - zuverl\u00e4ssige Aushilfen f\u00fcr Ihren Betrieb","isPartOf":{"@id":"https:\/\/ucmagency.ucm.jobs\/de\/#website"},"datePublished":"2020-06-19T20:46:43+00:00","dateModified":"2024-03-12T07:30:16+00:00","description":"Qualifizierte Helfer von ucm.agency f\u00fcr Ihr Lager, B\u00fcro sowie f\u00fcr Ihren Herstellungsbetrieb oder Lieferservice. Jetzt bequem buchen!","breadcrumb":{"@id":"https:\/\/ucmagency.ucm.jobs\/de\/personal\/betriebsaushilfen\/#breadcrumb"},"inLanguage":"de","potentialAction":[{"@type":"ReadAction","target":["https:\/\/ucmagency.ucm.jobs\/de\/personal\/betriebsaushilfen\/"]}]},{"@type":"BreadcrumbList","@id":"https:\/\/ucmagency.ucm.jobs\/de\/personal\/betriebsaushilfen\/#breadcrumb","itemListElement":[{"@type":"ListItem","position":1,"name":"Home","item":"https:\/\/ucmagency.ucm.jobs\/de\/"},{"@type":"ListItem","position":2,"name":"Alle Personaltypen","item":"https:\/\/ucmagency.ucm.jobs\/de\/personal\/"},{"@type":"ListItem","position":3,"name":"Betriebsaushilfen &#8211; \u00dcbersicht"}]},{"@type":"WebSite","@id":"https:\/\/ucmagency.ucm.jobs\/de\/#website","url":"https:\/\/ucmagency.ucm.jobs\/de\/","name":"ucm | Better jobs for students.","description":"Datenschutzerkl\u00e4rung","publisher":{"@id":"https:\/\/ucmagency.ucm.jobs\/de\/#organization"},"potentialAction":[{"@type":"SearchAction","target":{"@type":"EntryPoint","urlTemplate":"https:\/\/ucmagency.ucm.jobs\/de\/?s={search_term_string}"},"query-input":{"@type":"PropertyValueSpecification","valueRequired":true,"valueName":"search_term_string"}}],"inLanguage":"de"},{"@type":"Organization","@id":"https:\/\/ucmagency.ucm.jobs\/de\/#organization","name":"ucm.agency","url":"https:\/\/ucmagency.ucm.jobs\/de\/","logo":{"@type":"ImageObject","inLanguage":"de","@id":"https:\/\/ucmagency.ucm.jobs\/de\/#\/schema\/logo\/image\/","url":"https:\/\/ucmagency.ucm.jobs\/wp-content\/uploads\/2024\/06\/ucm_email_signature.png","contentUrl":"https:\/\/ucmagency.ucm.jobs\/wp-content\/uploads\/2024\/06\/ucm_email_signature.png","width":200,"height":200,"caption":"ucm.agency"},"image":{"@id":"https:\/\/ucmagency.ucm.jobs\/de\/#\/schema\/logo\/image\/"}}]}},"_links":{"self":[{"href":"https:\/\/ucmagency.ucm.jobs\/de\/wp-json\/wp\/v2\/pages\/11730","targetHints":{"allow":["GET"]}}],"collection":[{"href":"https:\/\/ucmagency.ucm.jobs\/de\/wp-json\/wp\/v2\/pages"}],"about":[{"href":"https:\/\/ucmagency.ucm.jobs\/de\/wp-json\/wp\/v2\/types\/page"}],"author":[{"embeddable":true,"href":"https:\/\/ucmagency.ucm.jobs\/de\/wp-json\/wp\/v2\/users\/8"}],"replies":[{"embeddable":true,"href":"https:\/\/ucmagency.ucm.jobs\/de\/wp-json\/wp\/v2\/comments?post=11730"}],"version-history":[{"count":31,"href":"https:\/\/ucmagency.ucm.jobs\/de\/wp-json\/wp\/v2\/pages\/11730\/revisions"}],"predecessor-version":[{"id":19972,"href":"https:\/\/ucmagency.ucm.jobs\/de\/wp-json\/wp\/v2\/pages\/11730\/revisions\/19972"}],"up":[{"embeddable":true,"href":"https:\/\/ucmagency.ucm.jobs\/de\/wp-json\/wp\/v2\/pages\/8559"}],"wp:attachment":[{"href":"https:\/\/ucmagency.ucm.jobs\/de\/wp-json\/wp\/v2\/media?parent=11730"}],"curies":[{"name":"wp","href":"https:\/\/api.w.org\/{rel}","templated":true}]}}