{"id":11139,"date":"2020-05-14T21:48:15","date_gmt":"2020-05-14T21:48:15","guid":{"rendered":"https:\/\/ucmagency.ucm.jobs\/?page_id=11139"},"modified":"2025-02-17T14:57:14","modified_gmt":"2025-02-17T14:57:14","slug":"presse","status":"publish","type":"page","link":"https:\/\/ucmagency.ucm.jobs\/de\/ueber-ucm-agency\/presse\/","title":{"rendered":"Presse"},"content":{"rendered":"<section class=\"wpb-content-wrapper\"><p>[vc_row full_width=&#8220;stretch_row&#8220; css=&#8220;.vc_custom_1581918929192{padding-top: 50px !important;padding-bottom: 50px !important;background-color: #114358 !important;}&#8220; el_class=&#8220;main-heading&#8220;][vc_column width=&#8220;1\/2&#8243; el_class=&#8220;ucm-80&#8243;][vc_column_text]<\/p>\n<h1 class=\"header-h2 snow\"><strong>Willkommen auf der Presseseite von ucm.agency<\/strong><\/h1>\n<p>[\/vc_column_text][vc_column_text el_class=&#8220;tickgray-li&#8220; css=&#8220;.vc_custom_1589496652598{padding-bottom: 30px !important;}&#8220;]<\/p>\n<ul class=\"text-25 snow\">Unsere Kurzbeschreibung und Publikationen<\/ul>\n<p>[\/vc_column_text][vc_btn title=&#8220;Jetzt Personal anfragen&#8220; link=&#8220;url:https%3A%2F%2Fucmagency.ucm.jobs%2Fde%2Fkontaktformular%2F|||&#8220; el_class=&#8220;comp-1&#8243;][\/vc_column][vc_column width=&#8220;1\/2&#8243;][vc_single_image image=&#8220;11124&#8243; img_size=&#8220;full&#8220; alignment=&#8220;center&#8220;][\/vc_column][\/vc_row][vc_row full_width=&#8220;stretch_row&#8220; equal_height=&#8220;yes&#8220; css=&#8220;.vc_custom_1582266401753{padding-bottom: 0px !important;background-color: #f6f6f6 !important;}&#8220;][vc_column][vc_column_text css=&#8220;.vc_custom_1589496355820{padding-bottom: 20px !important;}&#8220;]<\/p>\n<h2>\u00dcber ucm.agency:<\/h2>\n<p>[\/vc_column_text][vc_row_inner css=&#8220;.vc_custom_1589496260723{padding-top: 20px !important;padding-bottom: 0px !important;background-color: #f6f6f6 !important;}&#8220;][vc_column_inner][vc_column_text css=&#8220;.vc_custom_1589496374428{padding-bottom: 0px !important;}&#8220;]ucm.agency bietet Unternehmen und Agenturen die M\u00f6glichkeit, den Personalbedarf auf nationalen sowie auf internationalen Events und Messen online zu planen und mit geeignetem Personal zu besetzen. Das Berliner Unternehmen achtet auf die rechtssichere Vermittlung von Eventpersonal an seine Kunden. Gleichzeitig gew\u00e4hrleistet ucm.agency eine transparente und faire Besch\u00e4ftigung der Dienstleister \u00fcber Lohnsteuerkarte. Durch die eigenentwickelte Projektmanagement-Software, die Anfragen in Echtzeit erm\u00f6glicht, gew\u00e4hrleistet die Plattform neben hohen Sicherheitsstandards au\u00dferdem die Minimierung von Suchunsicherheiten, da nur Eventmitarbeiter angezeigt werden, die zeitlich verf\u00fcgbar sind. \u00dcber regelm\u00e4\u00dfige Updates stellt Ihnen unsere Software aktuelles und detailliertes Bildmaterial unserer Mitarbeiter zur Verf\u00fcgung.[\/vc_column_text][\/vc_column_inner][\/vc_row_inner][\/vc_column][\/vc_row][vc_row full_width=&#8220;stretch_row&#8220; css=&#8220;.vc_custom_1589496346088{padding-bottom: 0px !important;background-color: #f6f6f6 !important;}&#8220;][vc_column][vc_column_text css=&#8220;.vc_custom_1589496364641{padding-bottom: 20px !important;}&#8220;]<\/p>\n<h2>Wie funktioniert ucm.agency?<\/h2>\n<p>[\/vc_column_text][vc_row_inner css=&#8220;.vc_custom_1589496242329{padding-bottom: 0px !important;}&#8220;][vc_column_inner][vc_column_text css=&#8220;.vc_custom_1689692116139{padding-bottom: 0px !important;}&#8220;]\u00dcber unsere App w\u00e4hlen unsere Eventmitarbeiter den Zeitraum, indem sie verf\u00fcgbar sind. Da wir bereits im Vorfeld sicherstellen, dass alle relevanten Informationen zum Personal vorhanden sind und die angefragten Personen perfekt zur jeweiligen Jobanforderung passen, k\u00f6nnen wir eine reibungslose und effektive Vermittlung gew\u00e4hrleisten. Durch die Ver\u00f6ffentlichung eines Kundenjobs in der App werden automatisch alle infrage kommenden Mitarbeiter benachrichtigt. Damit Kunden auch das f\u00fcr sie passende Eventpersonal erhalten, wird eine automatische Vorauswahl getroffen. Aus dieser k\u00f6nnen sich Kunden ihre Eventteams individuell zusammenstellen. Unser zur Verf\u00fcgung stehendes Eventpersonal kann so mit nur einem Klick gebucht werden. Das macht ucm.agency unglaublich effizient und schnell. Kunden sparen durch die M\u00f6glichkeit, unser Eventpersonal direkt zu kontaktieren, viel Zeit. Wir von ucm.agency \u00fcberwachen trotzdem alle bevorstehenden Jobs, um bei eventuellen Problemen schnellstm\u00f6glich Hilfestellungen zu bieten.<\/p>\n<p>Anders als bei vielen Agenturen haben wir kein \u201cKarteisystem\u201d. Wir bieten unseren Kunden wie auch Eventmitarbeitern Personal-Profile an. Diese sind detaillierte Vorstellungen von verf\u00fcgbaren Einsatzkr\u00e4ften, indem jegliche relevante Informationen zur Person zu finden sind. Egal, ob berufliche Qualifikationen, weitere Talente und Erfahrungen oder ausf\u00fchrliche Bild- und Videonachweise &#8211; In unserer Datenbank erhalten alle Parteien das Maximum an Eventpersonal-Pr\u00e4sentation. Trotz automatisierten Vorg\u00e4ngen ist ucm.agency jederzeit per Telefon, E-Mail und pers\u00f6nlich erreichbar.<\/p>\n<p>Wir als transparente Personalvermittlungsagentur k\u00fcmmern uns neben der Koordination auch um alle Abrechnungsfragen und rechtlichen Angelegenheiten. Der ausgewiesene Stundensatz unserer Event-Mitarbeiter beinhaltet bereits alle daf\u00fcr anfallenden Kosten.<\/p>\n<p>Wir bieten vollen Einblick in die Kalkulation und k\u00f6nnen somit f\u00fcr alle Parteien Transparenz und Nachvollziehbarkeit sicherstellen. Durch automatisch generierte Benachrichtigungen werden ucm.agency Eventmitarbeiter \u00fcber Transaktionen informiert und erfahren den genauen Zeitpunkt der \u00dcberweisung ihres Geldes. Dar\u00fcber hinaus bieten wir volle Datenkontrolle. Pers\u00f6nliche Angaben wie Adressen, Kontodaten und Steuernummern werden verschl\u00fcsselt in Deutschland verwahrt und keinesfalls an Dritte herausgegeben.[\/vc_column_text][\/vc_column_inner][\/vc_row_inner][\/vc_column][\/vc_row][vc_row full_width=&#8220;stretch_row&#8220; css=&#8220;.vc_custom_1589496252385{padding-bottom: 0px !important;background-color: #f6f6f6 !important;}&#8220;][vc_column][vc_column_text]<\/p>\n<h2>Kurzbeschreibung ucm.agency zur freien Verwendung:<\/h2>\n<p>[\/vc_column_text][vc_column_text css=&#8220;.vc_custom_1589496390243{padding-bottom: 0px !important;}&#8220;]Mit Ihrer Onlineplattform bietet ucm.agency die M\u00f6glichkeit, Personalbedarf f\u00fcr Veranstaltungen und Events einfach und direkt online zu buchen. Auf dieser Plattform bieten kurzfristig besch\u00e4ftigte ucm.agency Eventmitarbeiter ihre verschiedenen Dienste potenziellen Kunden an. ucm.agency achtet dabei auf eine rechtssichere Vermittlung und versichert dabei eine transparente und f\u00fcr alle Parteien vern\u00fcnftige Besch\u00e4ftigungsl\u00f6sung \u00fcber Lohnsteuerkarte und Leiharbeit. Mit der eigens entwickelten Software ist ein schneller und reibungsloser Buchungsprozess gew\u00e4hrleistet, der Anfragen in Echtzeit erm\u00f6glicht. Durch die Einhaltung von komplexen technischen Funktionen schlie\u00dft ucm.agency Suchunsicherheiten nahezu aus. Kunden erhalten genau das Eventpersonal, welches die besten Qualifikationen vorweist sowie zeitlich verf\u00fcgbar ist.<\/p>\n<p>Unter dem Dach der uCastMe GmbH wurde UCM von Denise Molloy (Operatives Gesch\u00e4ft und Agenturmanagement) und Amin Guellil (Gesch\u00e4ftsf\u00fchrung und Produktmanagement) im Mai 2014 gegr\u00fcndet. Unterst\u00fctzung finden sie in einem rund drei\u00dfigk\u00f6pfigen Mitarbeiterteam.[\/vc_column_text][\/vc_column][\/vc_row][vc_row full_width=&#8220;stretch_row&#8220; css=&#8220;.vc_custom_1589496216676{background-color: #f6f6f6 !important;}&#8220;][vc_column][vc_column_text]<\/p>\n<h2>Die folgenden Publikationen k\u00f6nnen als PDF runtergeladen werden:<\/h2>\n<p>[\/vc_column_text][vc_column_text]<\/p>\n<ul>\n<li>&#8211; <a href=\"https:\/\/ucmagency.ucm.jobs\/wp-content\/uploads\/2020\/05\/Personalmanagement-Herausforderungen-f\u00fcr-die-Eventorganisation.-Hrsg.-von-Michael-Dinkel-und-Roman-Baumgartner.pdf\" target=\"_blank\" rel=\"noopener noreferrer\">Personalmanagement: Herausforderungen f\u00fcr die Eventorganisation. Hrsg. von Michael Dinkel und Roman Baumgartner.<\/a><\/li>\n<\/ul>\n<p>[\/vc_column_text][\/vc_column][\/vc_row][vc_row][vc_column][vc_column_text]<\/p>\n<div id=\"aircall-extension-app\"><\/div>\n<p>[\/vc_column_text][\/vc_column][\/vc_row]<\/p>\n<\/section>","protected":false},"excerpt":{"rendered":"<p>[vc_row full_width=&#8220;stretch_row&#8220; css=&#8220;.vc_custom_1581918929192{padding-top: 50px !important;padding-bottom: 50px !important;background-color: #114358 !important;}&#8220; el_class=&#8220;main-heading&#8220;][vc_column width=&#8220;1\/2&#8243; el_class=&#8220;ucm-80&#8243;][vc_column_text] Willkommen auf der Presseseite von ucm.agency [\/vc_column_text][vc_column_text el_class=&#8220;tickgray-li&#8220; css=&#8220;.vc_custom_1589496652598{padding-bottom: 30px !important;}&#8220;] Unsere Kurzbeschreibung und Publikationen [\/vc_column_text][vc_btn title=&#8220;Jetzt Personal anfragen&#8220; link=&#8220;url:https%3A%2F%2Fucmagency.ucm.jobs%2Fde%2Fkontaktformular%2F|||&#8220; el_class=&#8220;comp-1&#8243;][\/vc_column][vc_column width=&#8220;1\/2&#8243;][vc_single_image image=&#8220;11124&#8243; img_size=&#8220;full&#8220; alignment=&#8220;center&#8220;][\/vc_column][\/vc_row][vc_row full_width=&#8220;stretch_row&#8220; equal_height=&#8220;yes&#8220; css=&#8220;.vc_custom_1582266401753{padding-bottom: 0px !important;background-color: #f6f6f6 !important;}&#8220;][vc_column][vc_column_text css=&#8220;.vc_custom_1589496355820{padding-bottom: 20px !important;}&#8220;] \u00dcber ucm.agency: [\/vc_column_text][vc_row_inner css=&#8220;.vc_custom_1589496260723{padding-top: 20px !important;padding-bottom: 0px !important;background-color:<\/p>\n","protected":false},"author":8,"featured_media":0,"parent":9933,"menu_order":0,"comment_status":"closed","ping_status":"closed","template":"","meta":{"_acf_changed":false,"inline_featured_image":false,"footnotes":""},"class_list":["post-11139","page","type-page","status-publish","hentry"],"acf":[],"yoast_head":"<!-- This site is optimized with the Yoast SEO plugin v26.5 - https:\/\/yoast.com\/wordpress\/plugins\/seo\/ -->\n<title>ucm.agency macht Ihr Event zum Erfolg machen<\/title>\n<meta name=\"description\" content=\"Qualit\u00e4tsstandards bei ucm.agency sichern Ihr Event: geschultes Personal und erstklassiger Service sorgen f\u00fcr den Erfolg.\" \/>\n<meta name=\"robots\" content=\"noindex, follow, max-snippet:-1, max-image-preview:large, max-video-preview:-1\" \/>\n<meta property=\"og:locale\" content=\"de_DE\" \/>\n<meta property=\"og:type\" content=\"article\" \/>\n<meta property=\"og:title\" content=\"ucm.agency macht Ihr Event zum Erfolg machen\" \/>\n<meta property=\"og:description\" content=\"Qualit\u00e4tsstandards bei ucm.agency sichern Ihr Event: geschultes Personal und erstklassiger Service sorgen f\u00fcr den Erfolg.\" \/>\n<meta property=\"og:url\" content=\"https:\/\/ucmagency.ucm.jobs\/de\/ueber-ucm-agency\/presse\/\" \/>\n<meta property=\"og:site_name\" content=\"ucm | Better jobs for students.\" \/>\n<meta property=\"article:modified_time\" content=\"2025-02-17T14:57:14+00:00\" \/>\n<meta name=\"twitter:card\" content=\"summary_large_image\" \/>\n<!-- \/ Yoast SEO plugin. -->","yoast_head_json":{"title":"ucm.agency macht Ihr Event zum Erfolg machen","description":"Qualit\u00e4tsstandards bei ucm.agency sichern Ihr Event: geschultes Personal und erstklassiger Service sorgen f\u00fcr den Erfolg.","robots":{"index":"noindex","follow":"follow","max-snippet":"max-snippet:-1","max-image-preview":"max-image-preview:large","max-video-preview":"max-video-preview:-1"},"og_locale":"de_DE","og_type":"article","og_title":"ucm.agency macht Ihr Event zum Erfolg machen","og_description":"Qualit\u00e4tsstandards bei ucm.agency sichern Ihr Event: geschultes Personal und erstklassiger Service sorgen f\u00fcr den Erfolg.","og_url":"https:\/\/ucmagency.ucm.jobs\/de\/ueber-ucm-agency\/presse\/","og_site_name":"ucm | Better jobs for students.","article_modified_time":"2025-02-17T14:57:14+00:00","twitter_card":"summary_large_image","schema":{"@context":"https:\/\/schema.org","@graph":[{"@type":"WebPage","@id":"https:\/\/ucmagency.ucm.jobs\/de\/ueber-ucm-agency\/presse\/","url":"https:\/\/ucmagency.ucm.jobs\/de\/ueber-ucm-agency\/presse\/","name":"ucm.agency macht Ihr Event zum Erfolg machen","isPartOf":{"@id":"https:\/\/ucmagency.ucm.jobs\/de\/#website"},"datePublished":"2020-05-14T21:48:15+00:00","dateModified":"2025-02-17T14:57:14+00:00","description":"Qualit\u00e4tsstandards bei ucm.agency sichern Ihr Event: geschultes Personal und erstklassiger Service sorgen f\u00fcr den Erfolg.","breadcrumb":{"@id":"https:\/\/ucmagency.ucm.jobs\/de\/ueber-ucm-agency\/presse\/#breadcrumb"},"inLanguage":"de","potentialAction":[{"@type":"ReadAction","target":["https:\/\/ucmagency.ucm.jobs\/de\/ueber-ucm-agency\/presse\/"]}]},{"@type":"BreadcrumbList","@id":"https:\/\/ucmagency.ucm.jobs\/de\/ueber-ucm-agency\/presse\/#breadcrumb","itemListElement":[{"@type":"ListItem","position":1,"name":"Home","item":"https:\/\/ucmagency.ucm.jobs\/de\/"},{"@type":"ListItem","position":2,"name":"\u00dcber uns","item":"https:\/\/ucmagency.ucm.jobs\/de\/ueber-ucm-agency\/"},{"@type":"ListItem","position":3,"name":"Presse"}]},{"@type":"WebSite","@id":"https:\/\/ucmagency.ucm.jobs\/de\/#website","url":"https:\/\/ucmagency.ucm.jobs\/de\/","name":"ucm | Better jobs for students.","description":"Datenschutzerkl\u00e4rung","publisher":{"@id":"https:\/\/ucmagency.ucm.jobs\/de\/#organization"},"potentialAction":[{"@type":"SearchAction","target":{"@type":"EntryPoint","urlTemplate":"https:\/\/ucmagency.ucm.jobs\/de\/?s={search_term_string}"},"query-input":{"@type":"PropertyValueSpecification","valueRequired":true,"valueName":"search_term_string"}}],"inLanguage":"de"},{"@type":"Organization","@id":"https:\/\/ucmagency.ucm.jobs\/de\/#organization","name":"ucm.agency","url":"https:\/\/ucmagency.ucm.jobs\/de\/","logo":{"@type":"ImageObject","inLanguage":"de","@id":"https:\/\/ucmagency.ucm.jobs\/de\/#\/schema\/logo\/image\/","url":"https:\/\/ucmagency.ucm.jobs\/wp-content\/uploads\/2024\/06\/ucm_email_signature.png","contentUrl":"https:\/\/ucmagency.ucm.jobs\/wp-content\/uploads\/2024\/06\/ucm_email_signature.png","width":200,"height":200,"caption":"ucm.agency"},"image":{"@id":"https:\/\/ucmagency.ucm.jobs\/de\/#\/schema\/logo\/image\/"}}]}},"_links":{"self":[{"href":"https:\/\/ucmagency.ucm.jobs\/de\/wp-json\/wp\/v2\/pages\/11139","targetHints":{"allow":["GET"]}}],"collection":[{"href":"https:\/\/ucmagency.ucm.jobs\/de\/wp-json\/wp\/v2\/pages"}],"about":[{"href":"https:\/\/ucmagency.ucm.jobs\/de\/wp-json\/wp\/v2\/types\/page"}],"author":[{"embeddable":true,"href":"https:\/\/ucmagency.ucm.jobs\/de\/wp-json\/wp\/v2\/users\/8"}],"replies":[{"embeddable":true,"href":"https:\/\/ucmagency.ucm.jobs\/de\/wp-json\/wp\/v2\/comments?post=11139"}],"version-history":[{"count":9,"href":"https:\/\/ucmagency.ucm.jobs\/de\/wp-json\/wp\/v2\/pages\/11139\/revisions"}],"predecessor-version":[{"id":24019,"href":"https:\/\/ucmagency.ucm.jobs\/de\/wp-json\/wp\/v2\/pages\/11139\/revisions\/24019"}],"up":[{"embeddable":true,"href":"https:\/\/ucmagency.ucm.jobs\/de\/wp-json\/wp\/v2\/pages\/9933"}],"wp:attachment":[{"href":"https:\/\/ucmagency.ucm.jobs\/de\/wp-json\/wp\/v2\/media?parent=11139"}],"curies":[{"name":"wp","href":"https:\/\/api.w.org\/{rel}","templated":true}]}}