{"id":10424,"date":"2020-05-11T08:59:10","date_gmt":"2020-05-11T08:59:10","guid":{"rendered":"https:\/\/ucmagency.ucm.jobs\/?page_id=10424"},"modified":"2024-04-16T12:19:59","modified_gmt":"2024-04-16T12:19:59","slug":"fahrradkuriere-autokuriere","status":"publish","type":"page","link":"https:\/\/ucmagency.ucm.jobs\/de\/personal\/fahrradkuriere-autokuriere\/","title":{"rendered":"Fahrradkuriere"},"content":{"rendered":"<section class=\"wpb-content-wrapper\"><p>[vc_row full_width=&#8220;stretch_row&#8220; css=&#8220;.vc_custom_1581918929192{padding-top: 50px !important;padding-bottom: 50px !important;background-color: #114358 !important;}&#8220; el_class=&#8220;main-heading&#8220;][vc_column width=&#8220;1\/2&#8243; el_class=&#8220;ucm-60&#8243;][vc_column_text]<\/p>\n<h1 class=\"header-h2 snow\"><strong>Qualifizierte Fahrrad- &amp; Autokuriere buchen<\/strong><\/h1>\n<p>[\/vc_column_text][vc_column_text el_class=&#8220;tickgray-li&#8220;]<\/p>\n<ul class=\"text-25 snow\">\n<li>Deutschlandweit buchbar<\/li>\n<li>Kurzfristig einsetzbar<\/li>\n<li>Individuelle Beratung und Personalvermittlung<\/li>\n<\/ul>\n<p>[\/vc_column_text][vc_btn title=&#8220;Jetzt anfragen&#8220; link=&#8220;url:https%3A%2F%2Fucmagency.ucm.jobs%2Fde%2Fkontaktformular%2F|||&#8220; el_class=&#8220;comp-1&#8243;][\/vc_column][vc_column width=&#8220;1\/2&#8243;][vc_single_image image=&#8220;10462&#8243; img_size=&#8220;full&#8220; alignment=&#8220;center&#8220;][\/vc_column][\/vc_row][vc_row full_width=&#8220;stretch_row&#8220; equal_height=&#8220;yes&#8220; css=&#8220;.vc_custom_1582266401753{padding-bottom: 0px !important;background-color: #f6f6f6 !important;}&#8220;][vc_column][vc_column_text css=&#8220;.vc_custom_1591214447184{padding-bottom: 20px !important;}&#8220;]<\/p>\n<h2>Auto- und Fahrradkuriere bei ucm.agency buchen<\/h2>\n<p>[\/vc_column_text][vc_row_inner css=&#8220;.vc_custom_1582088466345{padding-top: 20px !important;padding-bottom: 0px !important;}&#8220;][vc_column_inner width=&#8220;1\/3&#8243;][vc_single_image image=&#8220;10739&#8243; img_size=&#8220;large&#8220; alignment=&#8220;center&#8220; css=&#8220;.vc_custom_1591214435396{padding-top: 20px !important;}&#8220;][\/vc_column_inner][vc_column_inner width=&#8220;2\/3&#8243;][vc_column_text]Sie sind gerade auf der Suche nach flexiblem Kurierpersonal, auf das Sie sich stets verlassen k\u00f6nnen? Bei ucm.agency finden Sie qualifizierte Kurierfahrer, die Ihre Waren zuverl\u00e4ssig und schnell von A nach B bringen \u2013 ob Lebensmittelbestellungen zu Ihren Privatkunden oder wichtige Unterlagen zu Ihren Gesch\u00e4ftspartnern.<\/p>\n<p>ucm.agency bietet qualifiziertes Kurierpersonal, das Freude im Umgang mit Kunden, Verantwortungsbewusstsein gegen\u00fcber dem Transportmittel, dem Equipment und den Waren sowie ein sehr gutes Zeitmanagement mitbringt. Unsere Kuriere sind \u00fcberwiegend Studenten, die sich unter der Woche flexibel einsetzten lassen, auch am Vormittag. Sie sind t\u00e4glich aufs Neue motiviert, Menschen durch ihre T\u00e4tigkeit zu unterst\u00fctzen und bei ihrer Arbeit den eigenen Horizont dank dem Kontakt mit interessanten Kunden und Produkten zu erweitern.[\/vc_column_text][\/vc_column_inner][\/vc_row_inner][\/vc_column][\/vc_row][vc_row full_width=&#8220;stretch_row&#8220; css=&#8220;.vc_custom_1582288341862{padding-bottom: 0px !important;background-color: #f6f6f6 !important;}&#8220;][vc_column][vc_column_text css=&#8220;.vc_custom_1582275534349{padding-bottom: 20px !important;}&#8220;]<\/p>\n<h2 style=\"text-align: center;\">Wir sind<\/h2>\n<p>[\/vc_column_text][vc_row_inner][vc_column_inner width=&#8220;1\/3&#8243;][vc_single_image image=&#8220;8402&#8243; img_size=&#8220;150&#215;150&#8243; alignment=&#8220;center&#8220;][vc_column_text]<\/p>\n<h4 style=\"text-align: center; margin-bottom: 20px;\">schnell<\/h4>\n<p style=\"text-align: center;\">\u00dcber 60.000 Mitarbeiter kurzfristig einsetzbar<\/p>\n<p>[\/vc_column_text][\/vc_column_inner][vc_column_inner width=&#8220;1\/3&#8243;][vc_single_image image=&#8220;8406&#8243; img_size=&#8220;150&#215;150&#8243; alignment=&#8220;center&#8220;][vc_column_text]<\/p>\n<h4 style=\"text-align: center; margin-bottom: 20px;\">qualifiziert<\/h4>\n<p style=\"text-align: center;\">Gepr\u00fcfte und qualifizierte<br \/>\nMitarbeiter[\/vc_column_text][\/vc_column_inner][vc_column_inner width=&#8220;1\/3&#8243;][vc_single_image image=&#8220;8405&#8243; img_size=&#8220;150&#215;150&#8243; alignment=&#8220;center&#8220;][vc_column_text]<\/p>\n<h4 style=\"text-align: center; margin-bottom: 20px;\">sicher<\/h4>\n<p style=\"text-align: center;\">Rechtssichere An- und Abmeldung unserer Mitarbeiter<\/p>\n<p>[\/vc_column_text][\/vc_column_inner][\/vc_row_inner][\/vc_column][\/vc_row][vc_row full_width=&#8220;stretch_row&#8220; css=&#8220;.vc_custom_1603466243378{padding-bottom: 30px !important;background-color: #f6f6f6 !important;}&#8220;][vc_column][vc_empty_space height=&#8220;30px&#8220; el_class=&#8220;desktop&#8220;][vc_column_text]<\/p>\n<h2 style=\"text-align: center;\"><span data-sheets-value=\"{&quot;1&quot;:2,&quot;2&quot;:&quot;Fragen Sie jetzt qualifizierte Aufbauhelfer an!&quot;}\" data-sheets-userformat=\"{&quot;2&quot;:959,&quot;3&quot;:{&quot;1&quot;:1},&quot;4&quot;:[null,2,13624051],&quot;5&quot;:{&quot;1&quot;:[{&quot;1&quot;:2,&quot;2&quot;:0,&quot;5&quot;:[null,2,0]},{&quot;1&quot;:0,&quot;2&quot;:0,&quot;3&quot;:3},{&quot;1&quot;:1,&quot;2&quot;:0,&quot;4&quot;:1}]},&quot;6&quot;:{&quot;1&quot;:[{&quot;1&quot;:2,&quot;2&quot;:0,&quot;5&quot;:[null,2,0]},{&quot;1&quot;:0,&quot;2&quot;:0,&quot;3&quot;:3},{&quot;1&quot;:1,&quot;2&quot;:0,&quot;4&quot;:1}]},&quot;7&quot;:{&quot;1&quot;:[{&quot;1&quot;:2,&quot;2&quot;:0,&quot;5&quot;:[null,2,0]},{&quot;1&quot;:0,&quot;2&quot;:0,&quot;3&quot;:3},{&quot;1&quot;:1,&quot;2&quot;:0,&quot;4&quot;:1}]},&quot;8&quot;:{&quot;1&quot;:[{&quot;1&quot;:2,&quot;2&quot;:0,&quot;5&quot;:[null,2,0]},{&quot;1&quot;:0,&quot;2&quot;:0,&quot;3&quot;:3},{&quot;1&quot;:1,&quot;2&quot;:0,&quot;4&quot;:1}]},&quot;10&quot;:1,&quot;11&quot;:4,&quot;12&quot;:0}\">Fragen Sie jetzt zuverl\u00e4ssige Fahrrad- &amp; Autokuriere an!<\/span><\/h2>\n<p>[\/vc_column_text][vc_column_text]<\/p>\n<p class=\"text-21\" style=\"text-align: center;\">Um ein unverbindliches Angebot einzuholen, f\u00fcllen Sie unser kurzes<br \/>\nOnline-Formular aus und wir melden uns in K\u00fcrze bei Ihnen.<\/p>\n<p>[\/vc_column_text][vc_empty_space height=&#8220;20px&#8220;][vc_btn title=&#8220;Jetzt Angebot einholen&#8220; align=&#8220;center&#8220; link=&#8220;url:https%3A%2F%2Fucmagency.ucm.jobs%2Fde%2Fkontaktformular%2F|||&#8220; el_class=&#8220;comp-3&#8243;][\/vc_column][\/vc_row][vc_row full_width=&#8220;stretch_row&#8220; equal_height=&#8220;yes&#8220; css=&#8220;.vc_custom_1582546062396{padding-top: 80px !important;padding-bottom: 0px !important;background-color: #f6f6f6 !important;}&#8220; el_class=&#8220;hostesses-staff&#8220;][vc_column][vc_column_text css=&#8220;.vc_custom_1592595182912{padding-bottom: 20px !important;}&#8220;]<\/p>\n<h2>Unsere Aushilfen f\u00fcr Ihren Betrieb<\/h2>\n<p>[\/vc_column_text]<div class=\"content-carousel-wrapper text-center\" data-css=\"&quot;&quot;\"><div class=\"owl-carousel\" data-loop=\"1\" data-margin=\"0\" data-center=\"0\" data-nav=\"1\" data-dots=\"0\" data-autoplay=\"0\" data-items=\"4\" data-items-tab=\"2\" data-items-mob=\"1\" data-duration=\"3000\" data-smartspeed=\"250\" data-scrollby=\"1\" data-autoheight=\"false\">[vc_raw_html]JTNDYSUyMGhyZWYlM0QlMjIlMkZkZSUyRnBlcnNvbmFsJTJGbGFnZXJoZWxmZXIlMkYlMjIlM0UlM0NpbWclMjBzcmMlM0QlMjIlMkZ3cC1jb250ZW50JTJGdXBsb2FkcyUyRjIwMjAlMkYwNiUyRkxhZ2VyaGVsZmVyX0Nhcm91c2VsLnBuZyUyMiUzRSUzQyUyRmElM0UlMEElM0NhJTIwaHJlZiUzRCUyMiUyRmRlJTJGcGVyc29uYWwlMkZsYWdlcmhlbGZlciUyRiUyMiUzRSUzQ2g0JTIwc3R5bGUlM0QlMjJtYXJnaW4tdG9wJTNBMTVweCUzQiUyMiUzRUxhZ2VyaGVsZmVyJTNDJTJGaDQlM0UlM0MlMkZhJTNF[\/vc_raw_html][vc_raw_html]JTNDYSUyMGhyZWYlM0QlMjIlMkZkZSUyRnBlcnNvbmFsJTJGcHJvZHVrdGlvbnNoZWxmZXIlMkYlMjIlM0UlM0NpbWclMjBzcmMlM0QlMjIlMkZ3cC1jb250ZW50JTJGdXBsb2FkcyUyRjIwMjAlMkYwNiUyRlByb2R1a3Rpb25zaGVsZmVyX0Nhcm91c2VsLnBuZyUyMiUzRSUzQyUyRmElM0UlMEElM0NhJTIwaHJlZiUzRCUyMiUyRmRlJTJGcGVyc29uYWwlMkZwcm9kdWt0aW9uc2hlbGZlciUyRiUyMiUzRSUzQ2g0JTIwc3R5bGUlM0QlMjJtYXJnaW4tdG9wJTNBMTVweCUzQiUyMiUzRVByb2R1a3Rpb25zaGVsZmVyJTNDJTJGaDQlM0UlM0MlMkZhJTNF[\/vc_raw_html][vc_raw_html]JTNDYSUyMGhyZWYlM0QlMjIlMkZkZSUyRnBlcnNvbmFsJTJGdmVyc2FuZGhlbGZlciUyRiUyMiUzRSUzQ2ltZyUyMHNyYyUzRCUyMiUyRndwLWNvbnRlbnQlMkZ1cGxvYWRzJTJGMjAyMCUyRjA2JTJGVmVyc2FuZGhlbGZlcl9DYXJvdXNlbC5wbmclMjIlM0UlM0MlMkZhJTNFJTBBJTNDYSUyMGhyZWYlM0QlMjIlMkZkZSUyRnBlcnNvbmFsJTJGdmVyc2FuZGhlbGZlciUyRiUyMiUzRSUzQ2g0JTIwc3R5bGUlM0QlMjJtYXJnaW4tdG9wJTNBMTVweCUzQiUyMiUzRVZlcnNhbmRoZWxmZXIlM0MlMkZoNCUzRSUzQyUyRmElM0U=[\/vc_raw_html][vc_raw_html]JTNDYSUyMGhyZWYlM0QlMjIlMkZkZSUyRnBlcnNvbmFsJTJGYnVlcm9hdXNoaWxmZW4lMkYlMjIlM0UlM0NpbWclMjBzcmMlM0QlMjIlMkZ3cC1jb250ZW50JTJGdXBsb2FkcyUyRjIwMjAlMkYwNiUyRkIlQzMlQkNyb2F1c2hpbGZlbl9DYXJvdXNlbC5wbmclMjIlM0UlM0MlMkZhJTNFJTBBJTNDYSUyMGhyZWYlM0QlMjIlMkZkZSUyRnBlcnNvbmFsJTJGYnVlcm9hdXNoaWxmZW4lMkYlMjIlM0UlM0NoNCUyMHN0eWxlJTNEJTIybWFyZ2luLXRvcCUzQTE1cHglM0IlMjIlM0VCJUMzJUJDcm9hdXNoaWxmZW4lM0MlMkZoNCUzRSUzQyUyRmElM0U=[\/vc_raw_html][vc_raw_html]JTNDYSUyMGhyZWYlM0QlMjIlMkZkZSUyRnBlcnNvbmFsJTJGY29yb25hLXN1cHBvcnQtc3RhZmYlMkYlMjIlM0UlM0NpbWclMjBzcmMlM0QlMjIlMkZ3cC1jb250ZW50JTJGdXBsb2FkcyUyRjIwMjAlMkYwNiUyRkNvcm9uYS1TdXBwb3J0LVN0YWZmX0Nhcm91c2VsLnBuZyUyMiUzRSUzQyUyRmElM0UlMEElM0NhJTIwaHJlZiUzRCUyMiUyRmRlJTJGcGVyc29uYWwlMkZjb3JvbmEtc3VwcG9ydC1zdGFmZiUyRiUyMiUzRSUzQ2g0JTIwc3R5bGUlM0QlMjJtYXJnaW4tdG9wJTNBMTVweCUzQiUyMiUzRUNvcm9uYSUyMFN1cHBvcnQlMjBTdGFmZiUzQyUyRmg0JTNFJTNDJTJGYSUzRQ==[\/vc_raw_html][vc_raw_html]JTNDYSUyMGhyZWYlM0QlMjIlMkZkZSUyRnBlcnNvbmFsJTJGY2FsbC1jZW50ZXItYWdlbnRzJTJGJTIyJTNFJTNDaW1nJTIwc3JjJTNEJTIyJTJGd3AtY29udGVudCUyRnVwbG9hZHMlMkYyMDIwJTJGMDYlMkZDYWxsLUNlbnRlci1BZ2VudHNfQ2Fyb3VzZWwucG5nJTIyJTNFJTNDJTJGYSUzRSUwQSUzQ2ElMjBocmVmJTNEJTIyJTJGZGUlMkZwZXJzb25hbCUyRmNhbGwtY2VudGVyLWFnZW50cyUyRiUyMiUzRSUzQ2g0JTIwc3R5bGUlM0QlMjJtYXJnaW4tdG9wJTNBMTVweCUzQiUyMiUzRUNhbGwtQ2VudGVyLUFnZW50cyUzQyUyRmg0JTNFJTNDJTJGYSUzRQ==[\/vc_raw_html][vc_raw_html]JTNDYSUyMGhyZWYlM0QlMjIlMkZkZSUyRnBlcnNvbmFsJTJGbGFkZW5wYWNraGlsZmVuLXN1cGVybWFya3RhdXNoaWxmZW4lMkYlMjIlM0UlM0NpbWclMjBzcmMlM0QlMjIlMkZ3cC1jb250ZW50JTJGdXBsb2FkcyUyRjIwMjAlMkYwNiUyRlN1cGVybWFya3RhdXNoaWxmZW5fQ2Fyb3VzZWwucG5nJTIyJTNFJTNDJTJGYSUzRSUwQSUzQ2ElMjBocmVmJTNEJTIyJTJGZGUlMkZwZXJzb25hbCUyRmxhZGVucGFja2hpbGZlbi1zdXBlcm1hcmt0YXVzaGlsZmVuJTJGJTIyJTNFJTNDaDQlMjBzdHlsZSUzRCUyMm1hcmdpbi10b3AlM0ExNXB4JTNCJTIyJTNFU3VwZXJtYXJrdGF1c2hpbGZlbiUzQyUyRmg0JTNFJTNDJTJGYSUzRQ==[\/vc_raw_html][vc_raw_html]JTNDYSUyMGhyZWYlM0QlMjIlMkZkZSUyRnBlcnNvbmFsJTJGZXJudGVoZWxmZXIlMkYlMjIlM0UlM0NpbWclMjBzcmMlM0QlMjIlMkZ3cC1jb250ZW50JTJGdXBsb2FkcyUyRjIwMjAlMkYwNiUyRkVybnRlaGVsZmVyX0Nhcm91c2VsLnBuZyUyMiUzRSUzQyUyRmElM0UlMEElM0NhJTIwaHJlZiUzRCUyMiUyRmRlJTJGcGVyc29uYWwlMkZlcm50ZWhlbGZlciUyRiUyMiUzRSUzQ2g0JTIwc3R5bGUlM0QlMjJtYXJnaW4tdG9wJTNBMTVweCUzQiUyMiUzRUVybnRlaGVsZmVyJTNDJTJGaDQlM0UlM0MlMkZhJTNF[\/vc_raw_html]<\/div><!-- .owl-carousel --><\/div><!-- .content-carousel-wrapper -->[\/vc_column][\/vc_row][vc_row full_width=&#8220;stretch_row&#8220; css=&#8220;.vc_custom_1603466336616{border-top-width: 90px !important;padding-bottom: 50px !important;background-color: #f6f6f6 !important;}&#8220;][vc_column width=&#8220;1\/2&#8243; css=&#8220;.vc_custom_1603463673746{padding-top: 40px !important;}&#8220;][vc_column_text]<\/p>\n<h2 style=\"text-align: left;\">Sie brauchen mehr Infos?<br \/>\nKein Problem!<\/h2>\n<p>[\/vc_column_text][vc_column_text]<\/p>\n<p class=\"text-21\" style=\"text-align: left;\">Laden Sie unsere kompakte Brosch\u00fcre zu Betriebsaushilfen herunter und pr\u00fcfen Sie, wie wir Sie kurzfristig personell unterst\u00fctzen k\u00f6nnen.<\/p>\n<p>[\/vc_column_text][\/vc_column][vc_column width=&#8220;1\/2&#8243; css=&#8220;.vc_custom_1603463437561{margin-left: 50px !important;padding-top: 30px !important;padding-bottom: 15px !important;}&#8220;][vc_btn title=&#8220;Zur Brosch\u00fcre&#8220; align=&#8220;center&#8220; link=&#8220;url:https%3A%2F%2Fucmagency.ucm.jobs%2Fwp-content%2Fuploads%2F2020%2F10%2Fucm.agency_Broschure_Betriebsaushilfen_2020.pdf%3Fpdf%3DBetriebsaushilfen-Broschuere-Kuriere%E2%80%9D%20target%3D%E2%80%9D_blank%E2%80%9D%3EBetriebsaushilfen%20Brosch%C3%BCre%20Kuriere%3C%2Fa%3E|target:_blank&#8220; el_class=&#8220;stdt-1&#8243;][vc_empty_space height=&#8220;30px&#8220;][vc_column_text css=&#8220;.vc_custom_1603463544600{padding-top: 20px !important;padding-bottom: 20px !important;padding-left: 80px !important;background-color: #f3997b !important;}&#8220;]<\/p>\n<h4 style=\"text-align: left;\">Oder rufen Sie uns gern direkt an:<\/h4>\n<h5 style=\"text-align: left;\"><a href=\"tel:+49 (0) 30 120 8656 0\">+49 (0) 30 120 8656 0<\/a><br \/>\nWir helfen Ihnen weiter.<\/h5>\n<p>[\/vc_column_text][\/vc_column][\/vc_row][vc_row full_width=&#8220;stretch_row&#8220; css=&#8220;.vc_custom_1603466345822{padding-bottom: 0px !important;background-color: #f6f6f6 !important;}&#8220;][vc_column][vc_row_inner][vc_column_inner width=&#8220;1\/2&#8243;][vc_single_image image=&#8220;10741&#8243; img_size=&#8220;570&#215;370&#8243; alignment=&#8220;center&#8220;][\/vc_column_inner][vc_column_inner width=&#8220;1\/2&#8243;][vc_column_text]<\/p>\n<h2>Flexibles und verl\u00e4ssliches Kurierpersonal &#8211; Jetzt unverbindlich anfragen!<\/h2>\n<p>[\/vc_column_text][vc_column_text]Die Auto- und Fahrradkuriere von ucm.agency sind k\u00f6rperlich fit und belastbar. Dar\u00fcber hinaus erlernen sie schnell neue Abl\u00e4ufe und k\u00f6nnen sich gut an ver\u00e4nderte Gegebenheiten anpassen: Spontane \u00c4nderungen sind f\u00fcr sie genauso wenig ein Problem wie schwierige Wetterverh\u00e4ltnisse oder die Navigation durch die Gro\u00dfstadt. Neben Deutschkenntnissen auf muttersprachlichem Niveau verf\u00fcgt unser Kurierpersonal zus\u00e4tzlich \u00fcber sehr gute Englischkenntnisse. Kommunikations- und Organisationstalent runden ihr Portfolio ab. Kontaktieren Sie uns und lassen Sie sich beraten. Wir erstellen ein individuelles Angebot f\u00fcr Sie \u2013 kostenlos und unverbindlich.[\/vc_column_text][\/vc_column_inner][\/vc_row_inner][\/vc_column][\/vc_row][vc_row full_width=&#8220;stretch_row&#8220; css=&#8220;.vc_custom_1582605469460{background-color: #f6f6f6 !important;}&#8220;][vc_column width=&#8220;1\/2&#8243;][vc_column_text]<\/p>\n<h2 style=\"text-align: left;\">Sie brauchen weiteres Personal?<br \/>\nWir beraten Sie gern.<\/h2>\n<p>[\/vc_column_text][vc_column_text]<\/p>\n<p class=\"text-21\" style=\"text-align: left;\">F\u00fcllen Sie dazu bequem und unverbindlich unser kurzes Online-Formular aus. Wir melden uns in K\u00fcrze bei Ihnen.<\/p>\n<p>[\/vc_column_text][\/vc_column][vc_column width=&#8220;1\/2&#8243;][vc_empty_space height=&#8220;20px&#8220;][vc_btn title=&#8220;Jetzt anfragen&#8220; align=&#8220;center&#8220; link=&#8220;url:https%3A%2F%2Fucmagency.ucm.jobs%2Fde%2Fkontaktformular%2F|||&#8220; el_class=&#8220;comp-2 ucm-60&#8243;][\/vc_column][\/vc_row]<\/p>\n<\/section>","protected":false},"excerpt":{"rendered":"<p>[vc_row full_width=&#8220;stretch_row&#8220; css=&#8220;.vc_custom_1581918929192{padding-top: 50px !important;padding-bottom: 50px !important;background-color: #114358 !important;}&#8220; el_class=&#8220;main-heading&#8220;][vc_column width=&#8220;1\/2&#8243; el_class=&#8220;ucm-60&#8243;][vc_column_text] Qualifizierte Fahrrad- &amp; Autokuriere buchen [\/vc_column_text][vc_column_text el_class=&#8220;tickgray-li&#8220;] Deutschlandweit buchbar Kurzfristig einsetzbar Individuelle Beratung und Personalvermittlung [\/vc_column_text][vc_btn title=&#8220;Jetzt anfragen&#8220; link=&#8220;url:https%3A%2F%2Fucmagency.ucm.jobs%2Fde%2Fkontaktformular%2F|||&#8220; el_class=&#8220;comp-1&#8243;][\/vc_column][vc_column width=&#8220;1\/2&#8243;][vc_single_image image=&#8220;10462&#8243; img_size=&#8220;full&#8220; alignment=&#8220;center&#8220;][\/vc_column][\/vc_row][vc_row full_width=&#8220;stretch_row&#8220; equal_height=&#8220;yes&#8220; css=&#8220;.vc_custom_1582266401753{padding-bottom: 0px !important;background-color: #f6f6f6 !important;}&#8220;][vc_column][vc_column_text css=&#8220;.vc_custom_1591214447184{padding-bottom: 20px !important;}&#8220;] Auto- und Fahrradkuriere bei ucm.agency buchen [\/vc_column_text][vc_row_inner css=&#8220;.vc_custom_1582088466345{padding-top: 20px<\/p>\n","protected":false},"author":8,"featured_media":0,"parent":8559,"menu_order":0,"comment_status":"closed","ping_status":"closed","template":"","meta":{"_acf_changed":false,"inline_featured_image":false,"footnotes":""},"class_list":["post-10424","page","type-page","status-publish","hentry"],"acf":[],"yoast_head":"<!-- This site is optimized with the Yoast SEO plugin v26.5 - https:\/\/yoast.com\/wordpress\/plugins\/seo\/ -->\n<title>Fahrrad- und Autokuriere von ucm.agency - flexible Fahrer f\u00fcr Ihren Betrieb<\/title>\n<meta name=\"description\" content=\"Auto- und Fahrradkuriere bei ucm.agency buchen. Sie sind gerade auf der Suche nach flexiblem Kurierpersonal, auf das Sie sich stets verlassen k\u00f6nnen?\" \/>\n<meta name=\"robots\" content=\"noindex, follow, max-snippet:-1, max-image-preview:large, max-video-preview:-1\" \/>\n<meta property=\"og:locale\" content=\"de_DE\" \/>\n<meta property=\"og:type\" content=\"article\" \/>\n<meta property=\"og:title\" content=\"Fahrrad- und Autokuriere von ucm.agency - flexible Fahrer f\u00fcr Ihren Betrieb\" \/>\n<meta property=\"og:description\" content=\"Auto- und Fahrradkuriere bei ucm.agency buchen. Sie sind gerade auf der Suche nach flexiblem Kurierpersonal, auf das Sie sich stets verlassen k\u00f6nnen?\" \/>\n<meta property=\"og:url\" content=\"https:\/\/ucmagency.ucm.jobs\/de\/personal\/fahrradkuriere-autokuriere\/\" \/>\n<meta property=\"og:site_name\" content=\"ucm | Better jobs for students.\" \/>\n<meta property=\"article:modified_time\" content=\"2024-04-16T12:19:59+00:00\" \/>\n<meta name=\"twitter:card\" content=\"summary_large_image\" \/>\n<!-- \/ Yoast SEO plugin. -->","yoast_head_json":{"title":"Fahrrad- und Autokuriere von ucm.agency - flexible Fahrer f\u00fcr Ihren Betrieb","description":"Auto- und Fahrradkuriere bei ucm.agency buchen. Sie sind gerade auf der Suche nach flexiblem Kurierpersonal, auf das Sie sich stets verlassen k\u00f6nnen?","robots":{"index":"noindex","follow":"follow","max-snippet":"max-snippet:-1","max-image-preview":"max-image-preview:large","max-video-preview":"max-video-preview:-1"},"og_locale":"de_DE","og_type":"article","og_title":"Fahrrad- und Autokuriere von ucm.agency - flexible Fahrer f\u00fcr Ihren Betrieb","og_description":"Auto- und Fahrradkuriere bei ucm.agency buchen. Sie sind gerade auf der Suche nach flexiblem Kurierpersonal, auf das Sie sich stets verlassen k\u00f6nnen?","og_url":"https:\/\/ucmagency.ucm.jobs\/de\/personal\/fahrradkuriere-autokuriere\/","og_site_name":"ucm | Better jobs for students.","article_modified_time":"2024-04-16T12:19:59+00:00","twitter_card":"summary_large_image","schema":{"@context":"https:\/\/schema.org","@graph":[{"@type":"WebPage","@id":"https:\/\/ucmagency.ucm.jobs\/de\/personal\/fahrradkuriere-autokuriere\/","url":"https:\/\/ucmagency.ucm.jobs\/de\/personal\/fahrradkuriere-autokuriere\/","name":"Fahrrad- und Autokuriere von ucm.agency - flexible Fahrer f\u00fcr Ihren Betrieb","isPartOf":{"@id":"https:\/\/ucmagency.ucm.jobs\/de\/#website"},"datePublished":"2020-05-11T08:59:10+00:00","dateModified":"2024-04-16T12:19:59+00:00","description":"Auto- und Fahrradkuriere bei ucm.agency buchen. Sie sind gerade auf der Suche nach flexiblem Kurierpersonal, auf das Sie sich stets verlassen k\u00f6nnen?","breadcrumb":{"@id":"https:\/\/ucmagency.ucm.jobs\/de\/personal\/fahrradkuriere-autokuriere\/#breadcrumb"},"inLanguage":"de","potentialAction":[{"@type":"ReadAction","target":["https:\/\/ucmagency.ucm.jobs\/de\/personal\/fahrradkuriere-autokuriere\/"]}]},{"@type":"BreadcrumbList","@id":"https:\/\/ucmagency.ucm.jobs\/de\/personal\/fahrradkuriere-autokuriere\/#breadcrumb","itemListElement":[{"@type":"ListItem","position":1,"name":"Home","item":"https:\/\/ucmagency.ucm.jobs\/de\/"},{"@type":"ListItem","position":2,"name":"Alle Personaltypen","item":"https:\/\/ucmagency.ucm.jobs\/de\/personal\/"},{"@type":"ListItem","position":3,"name":"Fahrradkuriere"}]},{"@type":"WebSite","@id":"https:\/\/ucmagency.ucm.jobs\/de\/#website","url":"https:\/\/ucmagency.ucm.jobs\/de\/","name":"ucm | Better jobs for students.","description":"Datenschutzerkl\u00e4rung","publisher":{"@id":"https:\/\/ucmagency.ucm.jobs\/de\/#organization"},"potentialAction":[{"@type":"SearchAction","target":{"@type":"EntryPoint","urlTemplate":"https:\/\/ucmagency.ucm.jobs\/de\/?s={search_term_string}"},"query-input":{"@type":"PropertyValueSpecification","valueRequired":true,"valueName":"search_term_string"}}],"inLanguage":"de"},{"@type":"Organization","@id":"https:\/\/ucmagency.ucm.jobs\/de\/#organization","name":"ucm.agency","url":"https:\/\/ucmagency.ucm.jobs\/de\/","logo":{"@type":"ImageObject","inLanguage":"de","@id":"https:\/\/ucmagency.ucm.jobs\/de\/#\/schema\/logo\/image\/","url":"https:\/\/ucmagency.ucm.jobs\/wp-content\/uploads\/2024\/06\/ucm_email_signature.png","contentUrl":"https:\/\/ucmagency.ucm.jobs\/wp-content\/uploads\/2024\/06\/ucm_email_signature.png","width":200,"height":200,"caption":"ucm.agency"},"image":{"@id":"https:\/\/ucmagency.ucm.jobs\/de\/#\/schema\/logo\/image\/"}}]}},"_links":{"self":[{"href":"https:\/\/ucmagency.ucm.jobs\/de\/wp-json\/wp\/v2\/pages\/10424","targetHints":{"allow":["GET"]}}],"collection":[{"href":"https:\/\/ucmagency.ucm.jobs\/de\/wp-json\/wp\/v2\/pages"}],"about":[{"href":"https:\/\/ucmagency.ucm.jobs\/de\/wp-json\/wp\/v2\/types\/page"}],"author":[{"embeddable":true,"href":"https:\/\/ucmagency.ucm.jobs\/de\/wp-json\/wp\/v2\/users\/8"}],"replies":[{"embeddable":true,"href":"https:\/\/ucmagency.ucm.jobs\/de\/wp-json\/wp\/v2\/comments?post=10424"}],"version-history":[{"count":17,"href":"https:\/\/ucmagency.ucm.jobs\/de\/wp-json\/wp\/v2\/pages\/10424\/revisions"}],"predecessor-version":[{"id":21645,"href":"https:\/\/ucmagency.ucm.jobs\/de\/wp-json\/wp\/v2\/pages\/10424\/revisions\/21645"}],"up":[{"embeddable":true,"href":"https:\/\/ucmagency.ucm.jobs\/de\/wp-json\/wp\/v2\/pages\/8559"}],"wp:attachment":[{"href":"https:\/\/ucmagency.ucm.jobs\/de\/wp-json\/wp\/v2\/media?parent=10424"}],"curies":[{"name":"wp","href":"https:\/\/api.w.org\/{rel}","templated":true}]}}