{"id":10415,"date":"2020-05-11T08:25:41","date_gmt":"2020-05-11T08:25:41","guid":{"rendered":"https:\/\/ucmagency.ucm.jobs\/?page_id=10415"},"modified":"2024-04-19T15:00:13","modified_gmt":"2024-04-19T15:00:13","slug":"produktionshelfer","status":"publish","type":"page","link":"https:\/\/ucmagency.ucm.jobs\/de\/personal\/produktionshelfer\/","title":{"rendered":"Produktionshelfer"},"content":{"rendered":"<section class=\"wpb-content-wrapper\"><p>[vc_row full_width=&#8220;stretch_row&#8220; css=&#8220;.vc_custom_1581918929192{padding-top: 50px !important;padding-bottom: 50px !important;background-color: #114358 !important;}&#8220; el_class=&#8220;main-heading&#8220;][vc_column width=&#8220;1\/2&#8243; el_class=&#8220;ucm-60&#8243;][vc_column_text]<\/p>\n<h1 class=\"header-h2 snow\"><strong>Verl\u00e4ssliche Produktionshelfer buchen<\/strong><\/h1>\n<p>[\/vc_column_text][vc_column_text el_class=&#8220;tickgray-li&#8220;]<\/p>\n<ul class=\"text-25 snow\">\n<li>Deutschlandweit buchbar<\/li>\n<li>Kurzfristig einsetzbar<\/li>\n<li>Pers\u00f6nliche Schutzausr\u00fcstung vorhanden<\/li>\n<\/ul>\n<p>[\/vc_column_text][vc_btn title=&#8220;Jetzt anfragen&#8220; link=&#8220;url:https%3A%2F%2Fucmagency.ucm.jobs%2Fde%2Fkontaktformular%2F|||&#8220; el_class=&#8220;comp-1&#8243;][\/vc_column][vc_column width=&#8220;1\/2&#8243;][vc_single_image image=&#8220;10449&#8243; img_size=&#8220;full&#8220; alignment=&#8220;center&#8220;][\/vc_column][\/vc_row][vc_row full_width=&#8220;stretch_row&#8220; equal_height=&#8220;yes&#8220; css=&#8220;.vc_custom_1582266401753{padding-bottom: 0px !important;background-color: #f6f6f6 !important;}&#8220;][vc_column][vc_column_text css=&#8220;.vc_custom_1592612300098{padding-bottom: 20px !important;}&#8220;]<\/p>\n<h2>Geschickte Produktionshelfer f\u00fcr jede Branche<\/h2>\n<p>[\/vc_column_text][vc_row_inner css=&#8220;.vc_custom_1582088466345{padding-top: 20px !important;padding-bottom: 0px !important;}&#8220;][vc_column_inner width=&#8220;1\/3&#8243;][vc_single_image image=&#8220;10761&#8243; img_size=&#8220;large&#8220; alignment=&#8220;center&#8220;][\/vc_column_inner][vc_column_inner width=&#8220;2\/3&#8243;][vc_column_text]Wenn Sie im Produktionsbereich gegen saisonale Schwankungen gewappnet sein wollen, brauchen Sie au\u00dfer der hauseigenen Mannschaft auch zeitlich flexible Hilfsarbeiter, die Sie in den Hochbetriebsperioden bei der Herstellung Ihrer Produkte unterst\u00fctzen. Unsere Produktionshelfer bringen nicht nur das Fingerspitzengef\u00fchl, sondern auch das Qualit\u00e4ts- und Verantwortungsbewusstsein mit, um Montage und andere ihnen anvertraute Aufgaben effizient und korrekt auszuf\u00fchren.<\/p>\n<p>Die Produktionshelfer von ucm.agency verf\u00fcgen \u00fcber flie\u00dfende Deutschkenntnisse und k\u00f6nnen als Unterst\u00fctzung an verschiedenen Stellen im Herstellungsbetrieb einsetzt werden \u2013 ob bei Hilfsarbeiten in der laufenden Produktion oder bei der Qualit\u00e4tskontrolle und Dokumentation. Dar\u00fcber hinaus sind unsere Produktionsaushilfen k\u00f6rperlich belastbar und k\u00f6nnen nach einer entsprechenden Anweisung Ihre Mannschaft auch beim Bedienen von einfachen Produktionsmaschinen oder bei den Reinigungsarbeiten vom Equipment unterst\u00fctzen. Nicht zuletzt haben sie Spa\u00df am Umgang mit kleinen Teilen und k\u00f6nnen souver\u00e4n Pr\u00e4zisionsarbeiten ausf\u00fchren.[\/vc_column_text][\/vc_column_inner][\/vc_row_inner][\/vc_column][\/vc_row][vc_row full_width=&#8220;stretch_row&#8220; css=&#8220;.vc_custom_1582288341862{padding-bottom: 0px !important;background-color: #f6f6f6 !important;}&#8220;][vc_column][vc_column_text css=&#8220;.vc_custom_1582275534349{padding-bottom: 20px !important;}&#8220;]<\/p>\n<h2 style=\"text-align: center;\">Wir sind<\/h2>\n<p>[\/vc_column_text][vc_row_inner][vc_column_inner width=&#8220;1\/3&#8243;][vc_single_image image=&#8220;8402&#8243; img_size=&#8220;150&#215;150&#8243; alignment=&#8220;center&#8220;][vc_column_text]<\/p>\n<h4 style=\"text-align: center; margin-bottom: 20px;\">schnell<\/h4>\n<p style=\"text-align: center;\">\u00dcber 60.000 Mitarbeiter kurzfristig einsetzbar<\/p>\n<p>[\/vc_column_text][\/vc_column_inner][vc_column_inner width=&#8220;1\/3&#8243;][vc_single_image image=&#8220;8406&#8243; img_size=&#8220;150&#215;150&#8243; alignment=&#8220;center&#8220;][vc_column_text]<\/p>\n<h4 style=\"text-align: center; margin-bottom: 20px;\">qualifiziert<\/h4>\n<p style=\"text-align: center;\">Gepr\u00fcfte und qualifizierte<br \/>\nMitarbeiter[\/vc_column_text][\/vc_column_inner][vc_column_inner width=&#8220;1\/3&#8243;][vc_single_image image=&#8220;8405&#8243; img_size=&#8220;150&#215;150&#8243; alignment=&#8220;center&#8220;][vc_column_text]<\/p>\n<h4 style=\"text-align: center; margin-bottom: 20px;\">sicher<\/h4>\n<p style=\"text-align: center;\">Rechtssichere An- und Abmeldung unserer Mitarbeiter<\/p>\n<p>[\/vc_column_text][\/vc_column_inner][\/vc_row_inner][\/vc_column][\/vc_row][vc_row full_width=&#8220;stretch_row&#8220; css=&#8220;.vc_custom_1603465488499{padding-bottom: 30px !important;background-color: #f6f6f6 !important;}&#8220;][vc_column][vc_empty_space height=&#8220;30px&#8220; el_class=&#8220;desktop&#8220;][vc_column_text]<\/p>\n<h2 style=\"text-align: center;\"><span data-sheets-value=\"{&quot;1&quot;:2,&quot;2&quot;:&quot;Fragen Sie jetzt qualifizierte Aufbauhelfer an!&quot;}\" data-sheets-userformat=\"{&quot;2&quot;:959,&quot;3&quot;:{&quot;1&quot;:1},&quot;4&quot;:[null,2,13624051],&quot;5&quot;:{&quot;1&quot;:[{&quot;1&quot;:2,&quot;2&quot;:0,&quot;5&quot;:[null,2,0]},{&quot;1&quot;:0,&quot;2&quot;:0,&quot;3&quot;:3},{&quot;1&quot;:1,&quot;2&quot;:0,&quot;4&quot;:1}]},&quot;6&quot;:{&quot;1&quot;:[{&quot;1&quot;:2,&quot;2&quot;:0,&quot;5&quot;:[null,2,0]},{&quot;1&quot;:0,&quot;2&quot;:0,&quot;3&quot;:3},{&quot;1&quot;:1,&quot;2&quot;:0,&quot;4&quot;:1}]},&quot;7&quot;:{&quot;1&quot;:[{&quot;1&quot;:2,&quot;2&quot;:0,&quot;5&quot;:[null,2,0]},{&quot;1&quot;:0,&quot;2&quot;:0,&quot;3&quot;:3},{&quot;1&quot;:1,&quot;2&quot;:0,&quot;4&quot;:1}]},&quot;8&quot;:{&quot;1&quot;:[{&quot;1&quot;:2,&quot;2&quot;:0,&quot;5&quot;:[null,2,0]},{&quot;1&quot;:0,&quot;2&quot;:0,&quot;3&quot;:3},{&quot;1&quot;:1,&quot;2&quot;:0,&quot;4&quot;:1}]},&quot;10&quot;:1,&quot;11&quot;:4,&quot;12&quot;:0}\">Fragen Sie jetzt qualifizierte Produktionshelfer an!<\/span><\/h2>\n<p>[\/vc_column_text][vc_column_text]<\/p>\n<p class=\"text-21\" style=\"text-align: center;\">Um ein unverbindliches Angebot einzuholen, f\u00fcllen Sie unser kurzes<br \/>\nOnline-Formular aus und wir melden uns in K\u00fcrze bei Ihnen.<\/p>\n<p>[\/vc_column_text][vc_empty_space height=&#8220;20px&#8220;][vc_btn title=&#8220;Jetzt Angebot einholen&#8220; align=&#8220;center&#8220; link=&#8220;url:https%3A%2F%2Fucmagency.ucm.jobs%2Fde%2Fkontaktformular%2F|||&#8220; el_class=&#8220;comp-3&#8243;][\/vc_column][\/vc_row][vc_row full_width=&#8220;stretch_row&#8220; equal_height=&#8220;yes&#8220; css=&#8220;.vc_custom_1582546062396{padding-top: 80px !important;padding-bottom: 0px !important;background-color: #f6f6f6 !important;}&#8220; el_class=&#8220;hostesses-staff&#8220;][vc_column][vc_column_text css=&#8220;.vc_custom_1592595182912{padding-bottom: 20px !important;}&#8220;]<\/p>\n<h2>Unsere Aushilfen f\u00fcr Ihren Betrieb<\/h2>\n<p>[\/vc_column_text]<div class=\"content-carousel-wrapper text-center\" data-css=\"&quot;&quot;\"><div class=\"owl-carousel\" data-loop=\"1\" data-margin=\"0\" data-center=\"0\" data-nav=\"1\" data-dots=\"0\" data-autoplay=\"0\" data-items=\"4\" data-items-tab=\"2\" data-items-mob=\"1\" data-duration=\"3000\" data-smartspeed=\"250\" data-scrollby=\"1\" data-autoheight=\"false\">[vc_raw_html]JTNDYSUyMGhyZWYlM0QlMjIlMkZkZSUyRnBlcnNvbmFsJTJGbGFnZXJoZWxmZXIlMkYlMjIlM0UlM0NpbWclMjBzcmMlM0QlMjIlMkZ3cC1jb250ZW50JTJGdXBsb2FkcyUyRjIwMjAlMkYwNiUyRkxhZ2VyaGVsZmVyX0Nhcm91c2VsLnBuZyUyMiUzRSUzQyUyRmElM0UlMEElM0NhJTIwaHJlZiUzRCUyMiUyRmRlJTJGcGVyc29uYWwlMkZsYWdlcmhlbGZlciUyRiUyMiUzRSUzQ2g0JTIwc3R5bGUlM0QlMjJtYXJnaW4tdG9wJTNBMTVweCUzQiUyMiUzRUxhZ2VyaGVsZmVyJTNDJTJGaDQlM0UlM0MlMkZhJTNF[\/vc_raw_html][vc_raw_html]JTNDYSUyMGhyZWYlM0QlMjIlMkZkZSUyRnBlcnNvbmFsJTJGdmVyc2FuZGhlbGZlciUyRiUyMiUzRSUzQ2ltZyUyMHNyYyUzRCUyMiUyRndwLWNvbnRlbnQlMkZ1cGxvYWRzJTJGMjAyMCUyRjA2JTJGVmVyc2FuZGhlbGZlcl9DYXJvdXNlbC5wbmclMjIlM0UlM0MlMkZhJTNFJTBBJTNDYSUyMGhyZWYlM0QlMjIlMkZkZSUyRnBlcnNvbmFsJTJGdmVyc2FuZGhlbGZlciUyRiUyMiUzRSUzQ2g0JTIwc3R5bGUlM0QlMjJtYXJnaW4tdG9wJTNBMTVweCUzQiUyMiUzRVZlcnNhbmRoZWxmZXIlM0MlMkZoNCUzRSUzQyUyRmElM0U=[\/vc_raw_html][vc_raw_html]JTNDYSUyMGhyZWYlM0QlMjIlMkZkZSUyRnBlcnNvbmFsJTJGYnVlcm9hdXNoaWxmZW4lMkYlMjIlM0UlM0NpbWclMjBzcmMlM0QlMjIlMkZ3cC1jb250ZW50JTJGdXBsb2FkcyUyRjIwMjAlMkYwNiUyRkIlQzMlQkNyb2F1c2hpbGZlbl9DYXJvdXNlbC5wbmclMjIlM0UlM0MlMkZhJTNFJTBBJTNDYSUyMGhyZWYlM0QlMjIlMkZkZSUyRnBlcnNvbmFsJTJGYnVlcm9hdXNoaWxmZW4lMkYlMjIlM0UlM0NoNCUyMHN0eWxlJTNEJTIybWFyZ2luLXRvcCUzQTE1cHglM0IlMjIlM0VCJUMzJUJDcm9hdXNoaWxmZW4lM0MlMkZoNCUzRSUzQyUyRmElM0U=[\/vc_raw_html][vc_raw_html]JTNDYSUyMGhyZWYlM0QlMjIlMkZkZSUyRnBlcnNvbmFsJTJGY29yb25hLXN1cHBvcnQtc3RhZmYlMkYlMjIlM0UlM0NpbWclMjBzcmMlM0QlMjIlMkZ3cC1jb250ZW50JTJGdXBsb2FkcyUyRjIwMjAlMkYwNiUyRkNvcm9uYS1TdXBwb3J0LVN0YWZmX0Nhcm91c2VsLnBuZyUyMiUzRSUzQyUyRmElM0UlMEElM0NhJTIwaHJlZiUzRCUyMiUyRmRlJTJGcGVyc29uYWwlMkZjb3JvbmEtc3VwcG9ydC1zdGFmZiUyRiUyMiUzRSUzQ2g0JTIwc3R5bGUlM0QlMjJtYXJnaW4tdG9wJTNBMTVweCUzQiUyMiUzRUNvcm9uYSUyMFN1cHBvcnQlMjBTdGFmZiUzQyUyRmg0JTNFJTNDJTJGYSUzRQ==[\/vc_raw_html][vc_raw_html]JTNDYSUyMGhyZWYlM0QlMjIlMkZkZSUyRnBlcnNvbmFsJTJGZmFocnJhZGt1cmllcmUtYXV0b2t1cmllcmUlMkYlMjIlM0UlM0NpbWclMjBzcmMlM0QlMjIlMkZ3cC1jb250ZW50JTJGdXBsb2FkcyUyRjIwMjAlMkYwNiUyRkZhaHJyYWRrdXJpZXJlX0Nhcm91c2VsLnBuZyUyMiUzRSUzQyUyRmElM0UlMEElM0NhJTIwaHJlZiUzRCUyMiUyRmRlJTJGcGVyc29uYWwlMkZmYWhycmFka3VyaWVyZS1hdXRva3VyaWVyZSUyRiUyMiUzRSUzQ2g0JTIwc3R5bGUlM0QlMjJtYXJnaW4tdG9wJTNBMTVweCUzQiUyMiUzRUt1cmllcmUlM0MlMkZoNCUzRSUzQyUyRmElM0U=[\/vc_raw_html][vc_raw_html]JTNDYSUyMGhyZWYlM0QlMjIlMkZkZSUyRnBlcnNvbmFsJTJGY2FsbC1jZW50ZXItYWdlbnRzJTJGJTIyJTNFJTNDaW1nJTIwc3JjJTNEJTIyJTJGd3AtY29udGVudCUyRnVwbG9hZHMlMkYyMDIwJTJGMDYlMkZDYWxsLUNlbnRlci1BZ2VudHNfQ2Fyb3VzZWwucG5nJTIyJTNFJTNDJTJGYSUzRSUwQSUzQ2ElMjBocmVmJTNEJTIyJTJGZGUlMkZwZXJzb25hbCUyRmNhbGwtY2VudGVyLWFnZW50cyUyRiUyMiUzRSUzQ2g0JTIwc3R5bGUlM0QlMjJtYXJnaW4tdG9wJTNBMTVweCUzQiUyMiUzRUNhbGwtQ2VudGVyLUFnZW50cyUzQyUyRmg0JTNFJTNDJTJGYSUzRQ==[\/vc_raw_html][vc_raw_html]JTNDYSUyMGhyZWYlM0QlMjIlMkZkZSUyRnBlcnNvbmFsJTJGbGFkZW5wYWNraGlsZmVuLXN1cGVybWFya3RhdXNoaWxmZW4lMkYlMjIlM0UlM0NpbWclMjBzcmMlM0QlMjIlMkZ3cC1jb250ZW50JTJGdXBsb2FkcyUyRjIwMjAlMkYwNiUyRlN1cGVybWFya3RhdXNoaWxmZW5fQ2Fyb3VzZWwucG5nJTIyJTNFJTNDJTJGYSUzRSUwQSUzQ2ElMjBocmVmJTNEJTIyJTJGZGUlMkZwZXJzb25hbCUyRmxhZGVucGFja2hpbGZlbi1zdXBlcm1hcmt0YXVzaGlsZmVuJTJGJTIyJTNFJTNDaDQlMjBzdHlsZSUzRCUyMm1hcmdpbi10b3AlM0ExNXB4JTNCJTIyJTNFU3VwZXJtYXJrdGF1c2hpbGZlbiUzQyUyRmg0JTNFJTNDJTJGYSUzRQ==[\/vc_raw_html][vc_raw_html]JTNDYSUyMGhyZWYlM0QlMjIlMkZkZSUyRnBlcnNvbmFsJTJGZXJudGVoZWxmZXIlMkYlMjIlM0UlM0NpbWclMjBzcmMlM0QlMjIlMkZ3cC1jb250ZW50JTJGdXBsb2FkcyUyRjIwMjAlMkYwNiUyRkVybnRlaGVsZmVyX0Nhcm91c2VsLnBuZyUyMiUzRSUzQyUyRmElM0UlMEElM0NhJTIwaHJlZiUzRCUyMiUyRmRlJTJGcGVyc29uYWwlMkZlcm50ZWhlbGZlciUyRiUyMiUzRSUzQ2g0JTIwc3R5bGUlM0QlMjJtYXJnaW4tdG9wJTNBMTVweCUzQiUyMiUzRUVybnRlaGVsZmVyJTNDJTJGaDQlM0UlM0MlMkZhJTNF[\/vc_raw_html]<\/div><!-- .owl-carousel --><\/div><!-- .content-carousel-wrapper -->[\/vc_column][\/vc_row][vc_row full_width=&#8220;stretch_row&#8220; css=&#8220;.vc_custom_1603465571208{border-top-width: 90px !important;padding-bottom: 20px !important;background-color: #f6f6f6 !important;}&#8220;][vc_column width=&#8220;1\/2&#8243; css=&#8220;.vc_custom_1603463673746{padding-top: 40px !important;}&#8220;][vc_column_text]<\/p>\n<h2 style=\"text-align: left;\">Sie brauchen mehr Infos?<br \/>\nKein Problem!<\/h2>\n<p>[\/vc_column_text][vc_column_text]<\/p>\n<p class=\"text-21\" style=\"text-align: left;\">Laden Sie unsere kompakte Brosch\u00fcre zu Betriebsaushilfen herunter und pr\u00fcfen Sie, wie wir Sie kurzfristig personell unterst\u00fctzen k\u00f6nnen.<\/p>\n<p>[\/vc_column_text][\/vc_column][vc_column width=&#8220;1\/2&#8243; css=&#8220;.vc_custom_1603463437561{margin-left: 50px !important;padding-top: 30px !important;padding-bottom: 15px !important;}&#8220;][vc_btn title=&#8220;Zur Brosch\u00fcre&#8220; align=&#8220;center&#8220; link=&#8220;url:https%3A%2F%2Fucmagency.ucm.jobs%2Fwp-content%2Fuploads%2F2020%2F10%2Fucm.agency_Broschure_Betriebsaushilfen_2020.pdf%3Fpdf%3DBetriebsaushilfen-Broschuere-Produktionshelfer%E2%80%9D%20target%3D%E2%80%9D_blank%E2%80%9D%3EBetriebsaushilfen%20Brosch%C3%BCre%20Produktionshelfer%3C%2Fa%3E|target:_blank&#8220; el_class=&#8220;stdt-1&#8243;][vc_empty_space height=&#8220;30px&#8220;][vc_column_text css=&#8220;.vc_custom_1603463544600{padding-top: 20px !important;padding-bottom: 20px !important;padding-left: 80px !important;background-color: #f3997b !important;}&#8220;]<\/p>\n<h4 style=\"text-align: left;\">Oder rufen Sie uns gern direkt an:<\/h4>\n<h5 style=\"text-align: left;\"><a href=\"tel:+49 (0) 30 120 8656 0\">+49 (0) 30 120 8656 0<\/a><br \/>\nWir helfen Ihnen weiter.<\/h5>\n<p>[\/vc_column_text][\/vc_column][\/vc_row][vc_row full_width=&#8220;stretch_row&#8220; css=&#8220;.vc_custom_1592612499021{padding-bottom: 30px !important;background-color: #f6f6f6 !important;}&#8220;][vc_column][vc_row_inner][vc_column_inner width=&#8220;1\/2&#8243;][vc_single_image image=&#8220;10780&#8243; img_size=&#8220;large&#8220; alignment=&#8220;center&#8220; css=&#8220;.vc_custom_1592612376727{padding-top: 20px !important;}&#8220;][\/vc_column_inner][vc_column_inner width=&#8220;1\/2&#8243;][vc_column_text]<\/p>\n<h2>Produktionshelfer bei ucm.agency buchen \u2013 schnell und einfach<\/h2>\n<p>[\/vc_column_text][vc_column_text]Neben einer strukturierten Herangehensweise an vielf\u00e4ltige Aufgaben sowie der Bereitschaft zur Schichtarbeit, verf\u00fcgen die zuverl\u00e4ssigen Produktionshelfer von ucm.agency \u00fcber ein gutes Sehverm\u00f6gen sowie eine \u00e4u\u00dferst genaue und eigenst\u00e4ndige Arbeitsweise. Au\u00dferdem bringen sie das notwendige handwerkliche Geschick mit und beherrschen schnell nicht nur die einzelnen Aufgaben in der Produktion, sondern auch Ihre Produktionsabl\u00e4ufe. Deshalb sind sie imstande, potentielle Fehler fr\u00fchzeitig zu verhindern. Unser Ziel ist es, Ihnen ausschlie\u00dflich qualifiziertes Personal zur Seite zu stellen. Daher f\u00fchren wir auch auf Wunsch Sicherheitsunterweisungen durch, die f\u00fcr den Einsatz auf Ihrem Firmengel\u00e4nde vorausgesetzt werden. Lassen Sie uns die Informationen zukommen und wir sorgen daf\u00fcr, dass unsere Mitarbeiter auf den ersten Einsatz in Ihrem Warenlager umfassend vorbereitet sind.<br \/>\nKontaktieren Sie uns und wir erstellen unverbindlich ein individuelles Angebot f\u00fcr Sie![\/vc_column_text][\/vc_column_inner][\/vc_row_inner][\/vc_column][\/vc_row][vc_row full_width=&#8220;stretch_row&#8220; css=&#8220;.vc_custom_1582605469460{background-color: #f6f6f6 !important;}&#8220;][vc_column width=&#8220;1\/2&#8243;][vc_column_text]<\/p>\n<h2 style=\"text-align: left;\">Sie brauchen weiteres Personal? Wir beraten Sie gern.<\/h2>\n<p>[\/vc_column_text][vc_column_text]<\/p>\n<p class=\"text-21\" style=\"text-align: left;\">F\u00fcllen Sie dazu bequem und unverbindlich unser kurzes Online-Formular aus. Wir melden uns in K\u00fcrze bei Ihnen.<\/p>\n<p>[\/vc_column_text][\/vc_column][vc_column width=&#8220;1\/2&#8243;][vc_empty_space height=&#8220;20px&#8220;][vc_btn title=&#8220;Jetzt anfragen&#8220; align=&#8220;center&#8220; link=&#8220;url:https%3A%2F%2Fucmagency.ucm.jobs%2Fde%2Fkontaktformular%2F|||&#8220; el_class=&#8220;comp-2 ucm-60&#8243;][\/vc_column][\/vc_row]<\/p>\n<\/section>","protected":false},"excerpt":{"rendered":"<p>[vc_row full_width=&#8220;stretch_row&#8220; css=&#8220;.vc_custom_1581918929192{padding-top: 50px !important;padding-bottom: 50px !important;background-color: #114358 !important;}&#8220; el_class=&#8220;main-heading&#8220;][vc_column width=&#8220;1\/2&#8243; el_class=&#8220;ucm-60&#8243;][vc_column_text] Verl\u00e4ssliche Produktionshelfer buchen [\/vc_column_text][vc_column_text el_class=&#8220;tickgray-li&#8220;] Deutschlandweit buchbar Kurzfristig einsetzbar Pers\u00f6nliche Schutzausr\u00fcstung vorhanden [\/vc_column_text][vc_btn title=&#8220;Jetzt anfragen&#8220; link=&#8220;url:https%3A%2F%2Fucmagency.ucm.jobs%2Fde%2Fkontaktformular%2F|||&#8220; el_class=&#8220;comp-1&#8243;][\/vc_column][vc_column width=&#8220;1\/2&#8243;][vc_single_image image=&#8220;10449&#8243; img_size=&#8220;full&#8220; alignment=&#8220;center&#8220;][\/vc_column][\/vc_row][vc_row full_width=&#8220;stretch_row&#8220; equal_height=&#8220;yes&#8220; css=&#8220;.vc_custom_1582266401753{padding-bottom: 0px !important;background-color: #f6f6f6 !important;}&#8220;][vc_column][vc_column_text css=&#8220;.vc_custom_1592612300098{padding-bottom: 20px !important;}&#8220;] Geschickte Produktionshelfer f\u00fcr jede Branche [\/vc_column_text][vc_row_inner css=&#8220;.vc_custom_1582088466345{padding-top: 20px !important;padding-bottom: 0px !important;}&#8220;][vc_column_inner width=&#8220;1\/3&#8243;][vc_single_image<\/p>\n","protected":false},"author":8,"featured_media":0,"parent":8559,"menu_order":0,"comment_status":"closed","ping_status":"closed","template":"","meta":{"_acf_changed":false,"inline_featured_image":false,"footnotes":""},"class_list":["post-10415","page","type-page","status-publish","hentry"],"acf":[],"yoast_head":"<!-- This site is optimized with the Yoast SEO plugin v26.5 - https:\/\/yoast.com\/wordpress\/plugins\/seo\/ -->\n<title>Produktionshelfer von ucm.agency - flexibles Personal f\u00fcr Ihren Betrieb<\/title>\n<meta name=\"description\" content=\"Produktionshelfer von ucm.agency. Deutschlandweit ab 14\u20ac\/h buchbar; Kurzfristig einsetzbar; Individuelle Beratung &amp; Personalvermittlung. Jetzt anfragen!\" \/>\n<meta name=\"robots\" content=\"noindex, follow, max-snippet:-1, max-image-preview:large, max-video-preview:-1\" \/>\n<meta property=\"og:locale\" content=\"de_DE\" \/>\n<meta property=\"og:type\" content=\"article\" \/>\n<meta property=\"og:title\" content=\"Produktionshelfer von ucm.agency - flexibles Personal f\u00fcr Ihren Betrieb\" \/>\n<meta property=\"og:description\" content=\"Produktionshelfer von ucm.agency. Deutschlandweit ab 14\u20ac\/h buchbar; Kurzfristig einsetzbar; Individuelle Beratung &amp; Personalvermittlung. Jetzt anfragen!\" \/>\n<meta property=\"og:url\" content=\"https:\/\/ucmagency.ucm.jobs\/de\/personal\/produktionshelfer\/\" \/>\n<meta property=\"og:site_name\" content=\"ucm | Better jobs for students.\" \/>\n<meta property=\"article:modified_time\" content=\"2024-04-19T15:00:13+00:00\" \/>\n<meta name=\"twitter:card\" content=\"summary_large_image\" \/>\n<!-- \/ Yoast SEO plugin. -->","yoast_head_json":{"title":"Produktionshelfer von ucm.agency - flexibles Personal f\u00fcr Ihren Betrieb","description":"Produktionshelfer von ucm.agency. Deutschlandweit ab 14\u20ac\/h buchbar; Kurzfristig einsetzbar; Individuelle Beratung & Personalvermittlung. Jetzt anfragen!","robots":{"index":"noindex","follow":"follow","max-snippet":"max-snippet:-1","max-image-preview":"max-image-preview:large","max-video-preview":"max-video-preview:-1"},"og_locale":"de_DE","og_type":"article","og_title":"Produktionshelfer von ucm.agency - flexibles Personal f\u00fcr Ihren Betrieb","og_description":"Produktionshelfer von ucm.agency. Deutschlandweit ab 14\u20ac\/h buchbar; Kurzfristig einsetzbar; Individuelle Beratung & Personalvermittlung. Jetzt anfragen!","og_url":"https:\/\/ucmagency.ucm.jobs\/de\/personal\/produktionshelfer\/","og_site_name":"ucm | Better jobs for students.","article_modified_time":"2024-04-19T15:00:13+00:00","twitter_card":"summary_large_image","schema":{"@context":"https:\/\/schema.org","@graph":[{"@type":"WebPage","@id":"https:\/\/ucmagency.ucm.jobs\/de\/personal\/produktionshelfer\/","url":"https:\/\/ucmagency.ucm.jobs\/de\/personal\/produktionshelfer\/","name":"Produktionshelfer von ucm.agency - flexibles Personal f\u00fcr Ihren Betrieb","isPartOf":{"@id":"https:\/\/ucmagency.ucm.jobs\/de\/#website"},"datePublished":"2020-05-11T08:25:41+00:00","dateModified":"2024-04-19T15:00:13+00:00","description":"Produktionshelfer von ucm.agency. Deutschlandweit ab 14\u20ac\/h buchbar; Kurzfristig einsetzbar; Individuelle Beratung & Personalvermittlung. Jetzt anfragen!","breadcrumb":{"@id":"https:\/\/ucmagency.ucm.jobs\/de\/personal\/produktionshelfer\/#breadcrumb"},"inLanguage":"de","potentialAction":[{"@type":"ReadAction","target":["https:\/\/ucmagency.ucm.jobs\/de\/personal\/produktionshelfer\/"]}]},{"@type":"BreadcrumbList","@id":"https:\/\/ucmagency.ucm.jobs\/de\/personal\/produktionshelfer\/#breadcrumb","itemListElement":[{"@type":"ListItem","position":1,"name":"Home","item":"https:\/\/ucmagency.ucm.jobs\/de\/"},{"@type":"ListItem","position":2,"name":"Alle Personaltypen","item":"https:\/\/ucmagency.ucm.jobs\/de\/personal\/"},{"@type":"ListItem","position":3,"name":"Produktionshelfer"}]},{"@type":"WebSite","@id":"https:\/\/ucmagency.ucm.jobs\/de\/#website","url":"https:\/\/ucmagency.ucm.jobs\/de\/","name":"ucm | Better jobs for students.","description":"Datenschutzerkl\u00e4rung","publisher":{"@id":"https:\/\/ucmagency.ucm.jobs\/de\/#organization"},"potentialAction":[{"@type":"SearchAction","target":{"@type":"EntryPoint","urlTemplate":"https:\/\/ucmagency.ucm.jobs\/de\/?s={search_term_string}"},"query-input":{"@type":"PropertyValueSpecification","valueRequired":true,"valueName":"search_term_string"}}],"inLanguage":"de"},{"@type":"Organization","@id":"https:\/\/ucmagency.ucm.jobs\/de\/#organization","name":"ucm.agency","url":"https:\/\/ucmagency.ucm.jobs\/de\/","logo":{"@type":"ImageObject","inLanguage":"de","@id":"https:\/\/ucmagency.ucm.jobs\/de\/#\/schema\/logo\/image\/","url":"https:\/\/ucmagency.ucm.jobs\/wp-content\/uploads\/2024\/06\/ucm_email_signature.png","contentUrl":"https:\/\/ucmagency.ucm.jobs\/wp-content\/uploads\/2024\/06\/ucm_email_signature.png","width":200,"height":200,"caption":"ucm.agency"},"image":{"@id":"https:\/\/ucmagency.ucm.jobs\/de\/#\/schema\/logo\/image\/"}}]}},"_links":{"self":[{"href":"https:\/\/ucmagency.ucm.jobs\/de\/wp-json\/wp\/v2\/pages\/10415","targetHints":{"allow":["GET"]}}],"collection":[{"href":"https:\/\/ucmagency.ucm.jobs\/de\/wp-json\/wp\/v2\/pages"}],"about":[{"href":"https:\/\/ucmagency.ucm.jobs\/de\/wp-json\/wp\/v2\/types\/page"}],"author":[{"embeddable":true,"href":"https:\/\/ucmagency.ucm.jobs\/de\/wp-json\/wp\/v2\/users\/8"}],"replies":[{"embeddable":true,"href":"https:\/\/ucmagency.ucm.jobs\/de\/wp-json\/wp\/v2\/comments?post=10415"}],"version-history":[{"count":22,"href":"https:\/\/ucmagency.ucm.jobs\/de\/wp-json\/wp\/v2\/pages\/10415\/revisions"}],"predecessor-version":[{"id":21807,"href":"https:\/\/ucmagency.ucm.jobs\/de\/wp-json\/wp\/v2\/pages\/10415\/revisions\/21807"}],"up":[{"embeddable":true,"href":"https:\/\/ucmagency.ucm.jobs\/de\/wp-json\/wp\/v2\/pages\/8559"}],"wp:attachment":[{"href":"https:\/\/ucmagency.ucm.jobs\/de\/wp-json\/wp\/v2\/media?parent=10415"}],"curies":[{"name":"wp","href":"https:\/\/api.w.org\/{rel}","templated":true}]}}