{"id":10409,"date":"2020-05-11T08:12:12","date_gmt":"2020-05-11T08:12:12","guid":{"rendered":"https:\/\/ucmagency.ucm.jobs\/?page_id=10409"},"modified":"2024-04-16T12:21:05","modified_gmt":"2024-04-16T12:21:05","slug":"call-center-agents","status":"publish","type":"page","link":"https:\/\/ucmagency.ucm.jobs\/de\/personal\/call-center-agents\/","title":{"rendered":"Call Center"},"content":{"rendered":"<section class=\"wpb-content-wrapper\"><p>[vc_row full_width=&#8220;stretch_row&#8220; css=&#8220;.vc_custom_1581918929192{padding-top: 50px !important;padding-bottom: 50px !important;background-color: #114358 !important;}&#8220; el_class=&#8220;main-heading&#8220;][vc_column width=&#8220;1\/2&#8243; el_class=&#8220;ucm-60&#8243;][vc_column_text]<\/p>\n<h1 class=\"header-h2 snow\"><strong>Qualifizierte Call-Center-Agents buchen<\/strong><\/h1>\n<p>[\/vc_column_text][vc_column_text el_class=&#8220;tickgray-li&#8220;]<\/p>\n<ul class=\"text-25 snow\">\n<li>Deutschlandweit buchbar<\/li>\n<li>Kurzfristig einsetzbar<\/li>\n<li>Individuelle Beratung &amp; Personalvermittlung<\/li>\n<\/ul>\n<p>[\/vc_column_text][vc_btn title=&#8220;Jetzt anfragen&#8220; link=&#8220;url:https%3A%2F%2Fucmagency.ucm.jobs%2Fde%2Fkontaktformular%2F|||&#8220; el_class=&#8220;comp-1&#8243;][\/vc_column][vc_column width=&#8220;1\/2&#8243;][vc_single_image image=&#8220;10453&#8243; img_size=&#8220;full&#8220; alignment=&#8220;center&#8220;][\/vc_column][\/vc_row][vc_row full_width=&#8220;stretch_row&#8220; equal_height=&#8220;yes&#8220; css=&#8220;.vc_custom_1582266401753{padding-bottom: 0px !important;background-color: #f6f6f6 !important;}&#8220;][vc_column][vc_column_text css=&#8220;.vc_custom_1589565770550{padding-bottom: 20px !important;}&#8220;]<\/p>\n<h2>Call-Center-Agents bei ucm.agency buchen<\/h2>\n<p>[\/vc_column_text][vc_row_inner css=&#8220;.vc_custom_1582088466345{padding-top: 20px !important;padding-bottom: 0px !important;}&#8220;][vc_column_inner width=&#8220;1\/2&#8243;][vc_single_image image=&#8220;11783&#8243; img_size=&#8220;full&#8220; alignment=&#8220;center&#8220; css=&#8220;.vc_custom_1592605522915{padding-top: 10px !important;}&#8220;][\/vc_column_inner][vc_column_inner width=&#8220;1\/2&#8243;][vc_column_text]Ob inbound oder outbound \u2013 bei ucm.agency finden Sie passende Mitarbeiter f\u00fcr Ihr Call-Center. Je nach Ausrichtung Ihres Unternehmens und Gesch\u00e4ftsbereichs, kann unser Personal Sie zielgenau unterst\u00fctzen: vom Vertrieb eines Produkts oder Services bis zur technischen Service-Hotline.<\/p>\n<p>ucm.agency bietet qualifizierte Call-Center-Agents, die essentielle F\u00e4higkeiten mitbringen, um Sie und Ihre Kollegen nach Kr\u00e4ften zu entlasten: Mit Aufgeschlossenheit, Eloquenz sowie Empathie sorgen sie f\u00fcr das optimale Service-Erlebnis, das Ihre Kunden zufriedenstellt. Neben Deutschkenntnissen auf muttersprachlichem Niveau bringen unsere Mitarbeiter zus\u00e4tzlich sehr gute Englisch- und in vielen F\u00e4llen auch weitere Sprachkenntnisse mit. Dabei geh\u00f6ren Grammatik- und Stilsicherheit, eine angenehme Sprechweise sowie ein guter sprachlicher Ausdruck selbstverst\u00e4ndlich dazu.[\/vc_column_text][\/vc_column_inner][\/vc_row_inner][\/vc_column][\/vc_row][vc_row full_width=&#8220;stretch_row&#8220; css=&#8220;.vc_custom_1582288341862{padding-bottom: 0px !important;background-color: #f6f6f6 !important;}&#8220;][vc_column][vc_column_text css=&#8220;.vc_custom_1582275534349{padding-bottom: 20px !important;}&#8220;]<\/p>\n<h2 style=\"text-align: center;\">Wir sind<\/h2>\n<p>[\/vc_column_text][vc_row_inner][vc_column_inner width=&#8220;1\/3&#8243;][vc_single_image image=&#8220;8402&#8243; img_size=&#8220;150&#215;150&#8243; alignment=&#8220;center&#8220;][vc_column_text]<\/p>\n<h4 style=\"text-align: center; margin-bottom: 20px;\">schnell<\/h4>\n<p style=\"text-align: center;\">\u00dcber 60.000 Mitarbeiter kurzfristig einsetzbar<\/p>\n<p>[\/vc_column_text][\/vc_column_inner][vc_column_inner width=&#8220;1\/3&#8243;][vc_single_image image=&#8220;8406&#8243; img_size=&#8220;150&#215;150&#8243; alignment=&#8220;center&#8220;][vc_column_text]<\/p>\n<h4 style=\"text-align: center; margin-bottom: 20px;\">qualifiziert<\/h4>\n<p style=\"text-align: center;\">Gepr\u00fcfte und qualifizierte<br \/>\nMitarbeiter[\/vc_column_text][\/vc_column_inner][vc_column_inner width=&#8220;1\/3&#8243;][vc_single_image image=&#8220;8405&#8243; img_size=&#8220;150&#215;150&#8243; alignment=&#8220;center&#8220;][vc_column_text]<\/p>\n<h4 style=\"text-align: center; margin-bottom: 20px;\">sicher<\/h4>\n<p style=\"text-align: center;\">Rechtssichere An- und Abmeldung unserer Mitarbeiter<\/p>\n<p>[\/vc_column_text][\/vc_column_inner][\/vc_row_inner][\/vc_column][\/vc_row][vc_row full_width=&#8220;stretch_row&#8220; css=&#8220;.vc_custom_1603466602339{padding-top: 60px !important;padding-bottom: 10px !important;background-color: #f6f6f6 !important;}&#8220;][vc_column][vc_empty_space height=&#8220;50px&#8220;][vc_column_text css=&#8220;.vc_custom_1582275534349{padding-bottom: 20px !important;}&#8220;]<\/p>\n<h2 style=\"text-align: center;\"><span data-sheets-value=\"{&quot;1&quot;:2,&quot;2&quot;:&quot;Fragen Sie jetzt qualifizierte Aufbauhelfer an!&quot;}\" data-sheets-userformat=\"{&quot;2&quot;:959,&quot;3&quot;:{&quot;1&quot;:1},&quot;4&quot;:[null,2,13624051],&quot;5&quot;:{&quot;1&quot;:[{&quot;1&quot;:2,&quot;2&quot;:0,&quot;5&quot;:[null,2,0]},{&quot;1&quot;:0,&quot;2&quot;:0,&quot;3&quot;:3},{&quot;1&quot;:1,&quot;2&quot;:0,&quot;4&quot;:1}]},&quot;6&quot;:{&quot;1&quot;:[{&quot;1&quot;:2,&quot;2&quot;:0,&quot;5&quot;:[null,2,0]},{&quot;1&quot;:0,&quot;2&quot;:0,&quot;3&quot;:3},{&quot;1&quot;:1,&quot;2&quot;:0,&quot;4&quot;:1}]},&quot;7&quot;:{&quot;1&quot;:[{&quot;1&quot;:2,&quot;2&quot;:0,&quot;5&quot;:[null,2,0]},{&quot;1&quot;:0,&quot;2&quot;:0,&quot;3&quot;:3},{&quot;1&quot;:1,&quot;2&quot;:0,&quot;4&quot;:1}]},&quot;8&quot;:{&quot;1&quot;:[{&quot;1&quot;:2,&quot;2&quot;:0,&quot;5&quot;:[null,2,0]},{&quot;1&quot;:0,&quot;2&quot;:0,&quot;3&quot;:3},{&quot;1&quot;:1,&quot;2&quot;:0,&quot;4&quot;:1}]},&quot;10&quot;:1,&quot;11&quot;:4,&quot;12&quot;:0}\">Fragen Sie jetzt qualifizierte Call-Center-Agents an!<\/span><\/h2>\n<p>[\/vc_column_text][vc_column_text]<\/p>\n<p class=\"text-21\" style=\"text-align: center;\">Um ein unverbindliches Angebot einzuholen, f\u00fcllen Sie unser kurzes<br \/>\nOnline-Formular aus und wir melden uns in K\u00fcrze bei Ihnen.<\/p>\n<p>[\/vc_column_text][vc_empty_space height=&#8220;20px&#8220;][vc_btn title=&#8220;Jetzt Angebot einholen&#8220; align=&#8220;center&#8220; link=&#8220;url:https%3A%2F%2Fucmagency.ucm.jobs%2Fde%2Fkontaktformular%2F|||&#8220; el_class=&#8220;comp-3&#8243;][\/vc_column][\/vc_row][vc_row full_width=&#8220;stretch_row&#8220; equal_height=&#8220;yes&#8220; css=&#8220;.vc_custom_1603466662027{padding-bottom: 0px !important;background-color: #f6f6f6 !important;}&#8220; el_class=&#8220;hostesses-staff&#8220;][vc_column][vc_empty_space height=&#8220;15px&#8220; el_class=&#8220;desktop&#8220;][vc_column_text css=&#8220;.vc_custom_1592847867601{padding-bottom: 20px !important;}&#8220;]<\/p>\n<h2>Weitere Betriebsaushilfen von ucm.agency<\/h2>\n<p>[\/vc_column_text]<div class=\"content-carousel-wrapper text-center\" data-css=\"&quot;&quot;\"><div class=\"owl-carousel\" data-loop=\"1\" data-margin=\"0\" data-center=\"0\" data-nav=\"1\" data-dots=\"0\" data-autoplay=\"0\" data-items=\"4\" data-items-tab=\"2\" data-items-mob=\"1\" data-duration=\"3000\" data-smartspeed=\"250\" data-scrollby=\"1\" data-autoheight=\"false\">[vc_raw_html]JTNDYSUyMGhyZWYlM0QlMjIlMkZkZSUyRnBlcnNvbmFsJTJGbGFnZXJoZWxmZXIlMkYlMjIlM0UlM0NpbWclMjBzcmMlM0QlMjIlMkZ3cC1jb250ZW50JTJGdXBsb2FkcyUyRjIwMjAlMkYwNiUyRkxhZ2VyaGVsZmVyX0Nhcm91c2VsLnBuZyUyMiUzRSUzQyUyRmElM0UlMEElM0NhJTIwaHJlZiUzRCUyMiUyRmRlJTJGcGVyc29uYWwlMkZsYWdlcmhlbGZlciUyRiUyMiUzRSUzQ2g0JTIwc3R5bGUlM0QlMjJtYXJnaW4tdG9wJTNBMTVweCUzQiUyMiUzRUxhZ2VyaGVsZmVyJTNDJTJGaDQlM0UlM0MlMkZhJTNF[\/vc_raw_html][vc_raw_html]JTNDYSUyMGhyZWYlM0QlMjIlMkZkZSUyRnBlcnNvbmFsJTJGcHJvZHVrdGlvbnNoZWxmZXIlMkYlMjIlM0UlM0NpbWclMjBzcmMlM0QlMjIlMkZ3cC1jb250ZW50JTJGdXBsb2FkcyUyRjIwMjAlMkYwNiUyRlByb2R1a3Rpb25zaGVsZmVyX0Nhcm91c2VsLnBuZyUyMiUzRSUzQyUyRmElM0UlMEElM0NhJTIwaHJlZiUzRCUyMiUyRmRlJTJGcGVyc29uYWwlMkZwcm9kdWt0aW9uc2hlbGZlciUyRiUyMiUzRSUzQ2g0JTIwc3R5bGUlM0QlMjJtYXJnaW4tdG9wJTNBMTVweCUzQiUyMiUzRVByb2R1a3Rpb25zaGVsZmVyJTNDJTJGaDQlM0UlM0MlMkZhJTNF[\/vc_raw_html][vc_raw_html]JTNDYSUyMGhyZWYlM0QlMjIlMkZkZSUyRnBlcnNvbmFsJTJGdmVyc2FuZGhlbGZlciUyRiUyMiUzRSUzQ2ltZyUyMHNyYyUzRCUyMiUyRndwLWNvbnRlbnQlMkZ1cGxvYWRzJTJGMjAyMCUyRjA2JTJGVmVyc2FuZGhlbGZlcl9DYXJvdXNlbC5wbmclMjIlM0UlM0MlMkZhJTNFJTBBJTNDYSUyMGhyZWYlM0QlMjIlMkZkZSUyRnBlcnNvbmFsJTJGdmVyc2FuZGhlbGZlciUyRiUyMiUzRSUzQ2g0JTIwc3R5bGUlM0QlMjJtYXJnaW4tdG9wJTNBMTVweCUzQiUyMiUzRVZlcnNhbmRoZWxmZXIlM0MlMkZoNCUzRSUzQyUyRmElM0U=[\/vc_raw_html][vc_raw_html]JTNDYSUyMGhyZWYlM0QlMjIlMkZkZSUyRnBlcnNvbmFsJTJGYnVlcm9hdXNoaWxmZW4lMkYlMjIlM0UlM0NpbWclMjBzcmMlM0QlMjIlMkZ3cC1jb250ZW50JTJGdXBsb2FkcyUyRjIwMjAlMkYwNiUyRkIlQzMlQkNyb2F1c2hpbGZlbl9DYXJvdXNlbC5wbmclMjIlM0UlM0MlMkZhJTNFJTBBJTNDYSUyMGhyZWYlM0QlMjIlMkZkZSUyRnBlcnNvbmFsJTJGYnVlcm9hdXNoaWxmZW4lMkYlMjIlM0UlM0NoNCUyMHN0eWxlJTNEJTIybWFyZ2luLXRvcCUzQTE1cHglM0IlMjIlM0VCJUMzJUJDcm9hdXNoaWxmZW4lM0MlMkZoNCUzRSUzQyUyRmElM0U=[\/vc_raw_html][vc_raw_html]JTNDYSUyMGhyZWYlM0QlMjIlMkZkZSUyRnBlcnNvbmFsJTJGY29yb25hLXN1cHBvcnQtc3RhZmYlMkYlMjIlM0UlM0NpbWclMjBzcmMlM0QlMjIlMkZ3cC1jb250ZW50JTJGdXBsb2FkcyUyRjIwMjAlMkYwNiUyRkNvcm9uYS1TdXBwb3J0LVN0YWZmX0Nhcm91c2VsLnBuZyUyMiUzRSUzQyUyRmElM0UlMEElM0NhJTIwaHJlZiUzRCUyMiUyRmRlJTJGcGVyc29uYWwlMkZjb3JvbmEtc3VwcG9ydC1zdGFmZiUyRiUyMiUzRSUzQ2g0JTIwc3R5bGUlM0QlMjJtYXJnaW4tdG9wJTNBMTVweCUzQiUyMiUzRUNvcm9uYSUyMFN1cHBvcnQlMjBTdGFmZiUzQyUyRmg0JTNFJTNDJTJGYSUzRQ==[\/vc_raw_html][vc_raw_html]JTNDYSUyMGhyZWYlM0QlMjIlMkZkZSUyRnBlcnNvbmFsJTJGZmFocnJhZGt1cmllcmUtYXV0b2t1cmllcmUlMkYlMjIlM0UlM0NpbWclMjBzcmMlM0QlMjIlMkZ3cC1jb250ZW50JTJGdXBsb2FkcyUyRjIwMjAlMkYwNiUyRkZhaHJyYWRrdXJpZXJlX0Nhcm91c2VsLnBuZyUyMiUzRSUzQyUyRmElM0UlMEElM0NhJTIwaHJlZiUzRCUyMiUyRmRlJTJGcGVyc29uYWwlMkZmYWhycmFka3VyaWVyZS1hdXRva3VyaWVyZSUyRiUyMiUzRSUzQ2g0JTIwc3R5bGUlM0QlMjJtYXJnaW4tdG9wJTNBMTVweCUzQiUyMiUzRUt1cmllcmUlM0MlMkZoNCUzRSUzQyUyRmElM0U=[\/vc_raw_html][vc_raw_html]JTNDYSUyMGhyZWYlM0QlMjIlMkZkZSUyRnBlcnNvbmFsJTJGbGFkZW5wYWNraGlsZmVuLXN1cGVybWFya3RhdXNoaWxmZW4lMkYlMjIlM0UlM0NpbWclMjBzcmMlM0QlMjIlMkZ3cC1jb250ZW50JTJGdXBsb2FkcyUyRjIwMjAlMkYwNiUyRlN1cGVybWFya3RhdXNoaWxmZW5fQ2Fyb3VzZWwucG5nJTIyJTNFJTNDJTJGYSUzRSUwQSUzQ2ElMjBocmVmJTNEJTIyJTJGZGUlMkZwZXJzb25hbCUyRmxhZGVucGFja2hpbGZlbi1zdXBlcm1hcmt0YXVzaGlsZmVuJTJGJTIyJTNFJTNDaDQlMjBzdHlsZSUzRCUyMm1hcmdpbi10b3AlM0ExNXB4JTNCJTIyJTNFU3VwZXJtYXJrdGF1c2hpbGZlbiUzQyUyRmg0JTNFJTNDJTJGYSUzRQ==[\/vc_raw_html][vc_raw_html]JTNDYSUyMGhyZWYlM0QlMjIlMkZkZSUyRnBlcnNvbmFsJTJGZXJudGVoZWxmZXIlMkYlMjIlM0UlM0NpbWclMjBzcmMlM0QlMjIlMkZ3cC1jb250ZW50JTJGdXBsb2FkcyUyRjIwMjAlMkYwNiUyRkVybnRlaGVsZmVyX0Nhcm91c2VsLnBuZyUyMiUzRSUzQyUyRmElM0UlMEElM0NhJTIwaHJlZiUzRCUyMiUyRmRlJTJGcGVyc29uYWwlMkZlcm50ZWhlbGZlciUyRiUyMiUzRSUzQ2g0JTIwc3R5bGUlM0QlMjJtYXJnaW4tdG9wJTNBMTVweCUzQiUyMiUzRUVybnRlaGVsZmVyJTNDJTJGaDQlM0UlM0MlMkZhJTNF[\/vc_raw_html]<\/div><!-- .owl-carousel --><\/div><!-- .content-carousel-wrapper -->[\/vc_column][\/vc_row][vc_row full_width=&#8220;stretch_row&#8220; css=&#8220;.vc_custom_1603466626586{border-top-width: 20px !important;padding-bottom: 20px !important;background-color: #f6f6f6 !important;}&#8220;][vc_column width=&#8220;1\/2&#8243; css=&#8220;.vc_custom_1603463673746{padding-top: 40px !important;}&#8220;][vc_column_text]<\/p>\n<h2 style=\"text-align: left;\">Sie brauchen mehr Infos?<br \/>\nKein Problem!<\/h2>\n<p>[\/vc_column_text][vc_column_text]<\/p>\n<p class=\"text-21\" style=\"text-align: left;\">Laden Sie unsere kompakte Brosch\u00fcre zu Betriebsaushilfen herunter und pr\u00fcfen Sie, wie wir Sie kurzfristig personell unterst\u00fctzen k\u00f6nnen.<\/p>\n<p>[\/vc_column_text][\/vc_column][vc_column width=&#8220;1\/2&#8243; css=&#8220;.vc_custom_1603463437561{margin-left: 50px !important;padding-top: 30px !important;padding-bottom: 15px !important;}&#8220;][vc_btn title=&#8220;Zur Brosch\u00fcre&#8220; align=&#8220;center&#8220; link=&#8220;url:https%3A%2F%2Fucmagency.ucm.jobs%2Fwp-content%2Fuploads%2F2020%2F10%2Fucm.agency_Broschure_Betriebsaushilfen_2020.pdf%3Fpdf%3DBetriebsaushilfen-Broschuere-Call-Center-Agents%E2%80%9D%20target%3D%E2%80%9D_blank%E2%80%9D%3EBetriebsaushilfen%20Brosch%C3%BCre%20Call-Center-Agents%3C%2Fa%3E|target:_blank&#8220; el_class=&#8220;stdt-1&#8243;][vc_empty_space height=&#8220;30px&#8220;][vc_column_text css=&#8220;.vc_custom_1603463544600{padding-top: 20px !important;padding-bottom: 20px !important;padding-left: 80px !important;background-color: #f3997b !important;}&#8220;]<\/p>\n<h4 style=\"text-align: left;\">Oder rufen Sie uns gern direkt an:<\/h4>\n<h5 style=\"text-align: left;\"><a href=\"tel:+49 (0) 30 120 8656 0\">+49 (0) 30 120 8656 0<\/a><br \/>\nWir helfen Ihnen weiter.<\/h5>\n<p>[\/vc_column_text][\/vc_column][\/vc_row][vc_row full_width=&#8220;stretch_row&#8220; css=&#8220;.vc_custom_1592604251915{padding-bottom: 0px !important;background-color: #f6f6f6 !important;}&#8220;][vc_column][vc_row_inner css=&#8220;.vc_custom_1603466882759{padding-bottom: 0px !important;padding-left: 30px !important;}&#8220;][vc_column_inner width=&#8220;1\/2&#8243;][vc_single_image image=&#8220;10768&#8243; img_size=&#8220;large&#8220; alignment=&#8220;center&#8220; css=&#8220;.vc_custom_1592604202420{padding-top: 40px !important;}&#8220;][\/vc_column_inner][vc_column_inner width=&#8220;1\/2&#8243; css=&#8220;.vc_custom_1603466850436{padding-left: 50px !important;}&#8220;][vc_column_text]<\/p>\n<h2>Flexible Call-Center-Agents von ucm.agency<\/h2>\n<p>[\/vc_column_text][vc_column_text]Call-Center-Mitarbeiter von ucm.agency verf\u00fcgen \u00fcber Technikaffinit\u00e4t, die es ihnen erm\u00f6glicht, sich schnell den Umgang mit unterschiedlichen Software-Programmen anzueignen, um Ihren Kunden den bestm\u00f6glichen Service zu bieten. Flexibilit\u00e4t und die Bereitschaft, sich in ungewohnte Aufgabenbereiche einzuarbeiten, zeichnen die Call-Center-Agents von ucm.agency genauso aus, wie ihre Offenheit im Umgang mit Kunden und Vorgesetzten sowie sehr gute kommunikative F\u00e4higkeiten.<br \/>\nKontaktieren Sie uns und wir erstellen f\u00fcr Sie ein individuelles Angebot \u2013 schnell und unverbindlich.[\/vc_column_text][\/vc_column_inner][\/vc_row_inner][\/vc_column][\/vc_row][vc_row full_width=&#8220;stretch_row&#8220; css=&#8220;.vc_custom_1603466997330{padding-top: 50px !important;background-color: #f6f6f6 !important;}&#8220;][vc_column width=&#8220;1\/2&#8243;][vc_column_text]<\/p>\n<h2 style=\"text-align: left;\">Sie brauchen weiteres Personal?<\/h2>\n<h2 style=\"text-align: left;\">Wir beraten Sie gern.<\/h2>\n<p>[\/vc_column_text][vc_column_text]<\/p>\n<p class=\"text-21\" style=\"text-align: left;\">F\u00fcllen Sie dazu bequem und unverbindlich unser kurzes Online-Formular aus. Wir melden uns in K\u00fcrze bei Ihnen.<\/p>\n<p>[\/vc_column_text][\/vc_column][vc_column width=&#8220;1\/2&#8243;][vc_btn title=&#8220;Jetzt anfragen&#8220; align=&#8220;center&#8220; el_class=&#8220;comp-2 ucm-60&#8243; link=&#8220;url:https%3A%2F%2Fucmagency.ucm.jobs%2Fde%2Fkontaktformular%2F&#8220;][\/vc_column][\/vc_row][vc_row full_width=&#8220;stretch_row&#8220; css=&#8220;.vc_custom_1604591047300{padding-top: 10px !important;padding-bottom: 20px !important;background-color: #f6f6f6 !important;}&#8220;][vc_column][vc_column_text css=&#8220;.vc_custom_1604593497009{padding-top: 0px !important;padding-bottom: 0px !important;}&#8220;]<\/p>\n<p style=\"text-align: right;\"><em>Fotos Call Center: <span data-sheets-formula-bar-text-style=\"font-size:13px;color:#000000;font-weight:normal;text-decoration:none;font-family:'Arial';font-style:normal;text-decoration-skip-ink:none;\">\u00a9 Monkey Business Images, <\/span><span data-sheets-formula-bar-text-style=\"font-size:13px;color:#000000;font-weight:normal;text-decoration:none;font-family:''Arial'';font-style:normal;text-decoration-skip-ink:none;\">shutterstock.com, \u00a9 Atstock Productions, shutterstock.com<\/span><br \/>\n<\/em><\/p>\n<p>[\/vc_column_text][\/vc_column][\/vc_row]<\/p>\n<\/section>","protected":false},"excerpt":{"rendered":"<p>[vc_row full_width=&#8220;stretch_row&#8220; css=&#8220;.vc_custom_1581918929192{padding-top: 50px !important;padding-bottom: 50px !important;background-color: #114358 !important;}&#8220; el_class=&#8220;main-heading&#8220;][vc_column width=&#8220;1\/2&#8243; el_class=&#8220;ucm-60&#8243;][vc_column_text] Qualifizierte Call-Center-Agents buchen [\/vc_column_text][vc_column_text el_class=&#8220;tickgray-li&#8220;] Deutschlandweit buchbar Kurzfristig einsetzbar Individuelle Beratung &amp; Personalvermittlung [\/vc_column_text][vc_btn title=&#8220;Jetzt anfragen&#8220; link=&#8220;url:https%3A%2F%2Fucmagency.ucm.jobs%2Fde%2Fkontaktformular%2F|||&#8220; el_class=&#8220;comp-1&#8243;][\/vc_column][vc_column width=&#8220;1\/2&#8243;][vc_single_image image=&#8220;10453&#8243; img_size=&#8220;full&#8220; alignment=&#8220;center&#8220;][\/vc_column][\/vc_row][vc_row full_width=&#8220;stretch_row&#8220; equal_height=&#8220;yes&#8220; css=&#8220;.vc_custom_1582266401753{padding-bottom: 0px !important;background-color: #f6f6f6 !important;}&#8220;][vc_column][vc_column_text css=&#8220;.vc_custom_1589565770550{padding-bottom: 20px !important;}&#8220;] Call-Center-Agents bei ucm.agency buchen [\/vc_column_text][vc_row_inner css=&#8220;.vc_custom_1582088466345{padding-top: 20px !important;padding-bottom: 0px !important;}&#8220;][vc_column_inner width=&#8220;1\/2&#8243;][vc_single_image<\/p>\n","protected":false},"author":8,"featured_media":0,"parent":8559,"menu_order":0,"comment_status":"closed","ping_status":"closed","template":"","meta":{"_acf_changed":false,"inline_featured_image":false,"footnotes":""},"class_list":["post-10409","page","type-page","status-publish","hentry"],"acf":[],"yoast_head":"<!-- This site is optimized with the Yoast SEO plugin v26.5 - https:\/\/yoast.com\/wordpress\/plugins\/seo\/ -->\n<title>Call-Center-Agents von ucm.agency - flexibles Personal f\u00fcr Ihr Call Center<\/title>\n<meta name=\"description\" content=\"Qualifizierte Call-Center-Mitarbeiter von ucm.agency - Buchen Sie deutschlandweit erfahrenes Personal f\u00fcr einen perfekten Kundenservice. Jetzt anfragen!\" \/>\n<meta name=\"robots\" content=\"noindex, follow, max-snippet:-1, max-image-preview:large, max-video-preview:-1\" \/>\n<meta property=\"og:locale\" content=\"de_DE\" \/>\n<meta property=\"og:type\" content=\"article\" \/>\n<meta property=\"og:title\" content=\"Call-Center-Agents von ucm.agency - flexibles Personal f\u00fcr Ihr Call Center\" \/>\n<meta property=\"og:description\" content=\"Qualifizierte Call-Center-Mitarbeiter von ucm.agency - Buchen Sie deutschlandweit erfahrenes Personal f\u00fcr einen perfekten Kundenservice. Jetzt anfragen!\" \/>\n<meta property=\"og:url\" content=\"https:\/\/ucmagency.ucm.jobs\/de\/personal\/call-center-agents\/\" \/>\n<meta property=\"og:site_name\" content=\"ucm | Better jobs for students.\" \/>\n<meta property=\"article:modified_time\" content=\"2024-04-16T12:21:05+00:00\" \/>\n<meta name=\"twitter:card\" content=\"summary_large_image\" \/>\n<!-- \/ Yoast SEO plugin. -->","yoast_head_json":{"title":"Call-Center-Agents von ucm.agency - flexibles Personal f\u00fcr Ihr Call Center","description":"Qualifizierte Call-Center-Mitarbeiter von ucm.agency - Buchen Sie deutschlandweit erfahrenes Personal f\u00fcr einen perfekten Kundenservice. Jetzt anfragen!","robots":{"index":"noindex","follow":"follow","max-snippet":"max-snippet:-1","max-image-preview":"max-image-preview:large","max-video-preview":"max-video-preview:-1"},"og_locale":"de_DE","og_type":"article","og_title":"Call-Center-Agents von ucm.agency - flexibles Personal f\u00fcr Ihr Call Center","og_description":"Qualifizierte Call-Center-Mitarbeiter von ucm.agency - Buchen Sie deutschlandweit erfahrenes Personal f\u00fcr einen perfekten Kundenservice. Jetzt anfragen!","og_url":"https:\/\/ucmagency.ucm.jobs\/de\/personal\/call-center-agents\/","og_site_name":"ucm | Better jobs for students.","article_modified_time":"2024-04-16T12:21:05+00:00","twitter_card":"summary_large_image","schema":{"@context":"https:\/\/schema.org","@graph":[{"@type":"WebPage","@id":"https:\/\/ucmagency.ucm.jobs\/de\/personal\/call-center-agents\/","url":"https:\/\/ucmagency.ucm.jobs\/de\/personal\/call-center-agents\/","name":"Call-Center-Agents von ucm.agency - flexibles Personal f\u00fcr Ihr Call Center","isPartOf":{"@id":"https:\/\/ucmagency.ucm.jobs\/de\/#website"},"datePublished":"2020-05-11T08:12:12+00:00","dateModified":"2024-04-16T12:21:05+00:00","description":"Qualifizierte Call-Center-Mitarbeiter von ucm.agency - Buchen Sie deutschlandweit erfahrenes Personal f\u00fcr einen perfekten Kundenservice. Jetzt anfragen!","breadcrumb":{"@id":"https:\/\/ucmagency.ucm.jobs\/de\/personal\/call-center-agents\/#breadcrumb"},"inLanguage":"de","potentialAction":[{"@type":"ReadAction","target":["https:\/\/ucmagency.ucm.jobs\/de\/personal\/call-center-agents\/"]}]},{"@type":"BreadcrumbList","@id":"https:\/\/ucmagency.ucm.jobs\/de\/personal\/call-center-agents\/#breadcrumb","itemListElement":[{"@type":"ListItem","position":1,"name":"Home","item":"https:\/\/ucmagency.ucm.jobs\/de\/"},{"@type":"ListItem","position":2,"name":"Alle Personaltypen","item":"https:\/\/ucmagency.ucm.jobs\/de\/personal\/"},{"@type":"ListItem","position":3,"name":"Call Center"}]},{"@type":"WebSite","@id":"https:\/\/ucmagency.ucm.jobs\/de\/#website","url":"https:\/\/ucmagency.ucm.jobs\/de\/","name":"ucm | Better jobs for students.","description":"Datenschutzerkl\u00e4rung","publisher":{"@id":"https:\/\/ucmagency.ucm.jobs\/de\/#organization"},"potentialAction":[{"@type":"SearchAction","target":{"@type":"EntryPoint","urlTemplate":"https:\/\/ucmagency.ucm.jobs\/de\/?s={search_term_string}"},"query-input":{"@type":"PropertyValueSpecification","valueRequired":true,"valueName":"search_term_string"}}],"inLanguage":"de"},{"@type":"Organization","@id":"https:\/\/ucmagency.ucm.jobs\/de\/#organization","name":"ucm.agency","url":"https:\/\/ucmagency.ucm.jobs\/de\/","logo":{"@type":"ImageObject","inLanguage":"de","@id":"https:\/\/ucmagency.ucm.jobs\/de\/#\/schema\/logo\/image\/","url":"https:\/\/ucmagency.ucm.jobs\/wp-content\/uploads\/2024\/06\/ucm_email_signature.png","contentUrl":"https:\/\/ucmagency.ucm.jobs\/wp-content\/uploads\/2024\/06\/ucm_email_signature.png","width":200,"height":200,"caption":"ucm.agency"},"image":{"@id":"https:\/\/ucmagency.ucm.jobs\/de\/#\/schema\/logo\/image\/"}}]}},"_links":{"self":[{"href":"https:\/\/ucmagency.ucm.jobs\/de\/wp-json\/wp\/v2\/pages\/10409","targetHints":{"allow":["GET"]}}],"collection":[{"href":"https:\/\/ucmagency.ucm.jobs\/de\/wp-json\/wp\/v2\/pages"}],"about":[{"href":"https:\/\/ucmagency.ucm.jobs\/de\/wp-json\/wp\/v2\/types\/page"}],"author":[{"embeddable":true,"href":"https:\/\/ucmagency.ucm.jobs\/de\/wp-json\/wp\/v2\/users\/8"}],"replies":[{"embeddable":true,"href":"https:\/\/ucmagency.ucm.jobs\/de\/wp-json\/wp\/v2\/comments?post=10409"}],"version-history":[{"count":29,"href":"https:\/\/ucmagency.ucm.jobs\/de\/wp-json\/wp\/v2\/pages\/10409\/revisions"}],"predecessor-version":[{"id":21648,"href":"https:\/\/ucmagency.ucm.jobs\/de\/wp-json\/wp\/v2\/pages\/10409\/revisions\/21648"}],"up":[{"embeddable":true,"href":"https:\/\/ucmagency.ucm.jobs\/de\/wp-json\/wp\/v2\/pages\/8559"}],"wp:attachment":[{"href":"https:\/\/ucmagency.ucm.jobs\/de\/wp-json\/wp\/v2\/media?parent=10409"}],"curies":[{"name":"wp","href":"https:\/\/api.w.org\/{rel}","templated":true}]}}